{"id":1117,"date":"2025-07-09T09:58:01","date_gmt":"2025-07-09T12:58:01","guid":{"rendered":"https:\/\/transparencia.cge.rj.gov.br\/?page_id=1117"},"modified":"2026-01-22T15:39:24","modified_gmt":"2026-01-22T18:39:24","slug":"planejamento-e-orcamento","status":"publish","type":"page","link":"https:\/\/transparencia.cge.rj.gov.br\/transparencia\/planejamento-e-orcamento\/","title":{"rendered":"Planejamento e Or\u00e7amento"},"content":{"rendered":"<section class=\"pagpo-section\">\n<div class=\"pagpo-container\">\n<h5 class=\"pagpo-title\">Planejamento e Or\u00e7amento<\/h5>\n<p style=\"color: #010101; text-align: left;\">Esta se\u00e7\u00e3o apresenta as bases do planejamento e da aloca\u00e7\u00e3o dos recursos p\u00fablicos no Estado do Rio de Janeiro. Est\u00e3o dispon\u00edveis o Plano Plurianual (PPA), a Lei de Diretrizes Or\u00e7ament\u00e1rias (LDO), a Lei Or\u00e7ament\u00e1ria Anual (LOA), al\u00e9m dos or\u00e7amentos voltados a p\u00fablicos espec\u00edficos, como o Or\u00e7amento da Crian\u00e7a e do Adolescente, o Or\u00e7amento do Idoso e o Or\u00e7amento da Mulher. Tamb\u00e9m \u00e9 poss\u00edvel acessar o Planejamento Estrat\u00e9gico, que define metas e prioridades do governo.<\/p>\n\n<div class=\"pagpo-row\">\n<div class=\"pagpo-col\"><a class=\"pagpo-card-link\" href=\"https:\/\/www.redeplan.planejamento.rj.gov.br\/PPA\/programacao.html\" target=\"_blank\" rel=\"noopener\">Plano Plurianual \u2013 PPA\n<\/a><\/div>\n<div class=\"pagpo-col\"><a class=\"pagpo-card-link\" href=\"https:\/\/www.redeplan.planejamento.rj.gov.br\/PPA\/programacao.html\" target=\"_blank\" rel=\"noopener\">Lei de Diretrizes Or\u00e7ament\u00e1rias \u2013 LDO\n<\/a><\/div>\n<div class=\"pagpo-col\"><a class=\"pagpo-card-link\" href=\"https:\/\/www.redor.planejamento.rj.gov.br\/ploa.html\" target=\"_blank\" rel=\"noopener\">Lei Or\u00e7ament\u00e1ria Anual \u2013 LOA\n<\/a><\/div>\n<div class=\"pagpo-col\"><a class=\"pagpo-card-link\" href=\"https:\/\/www.redeplan.planejamento.rj.gov.br\/demaisprocessos\/oca.html\" target=\"_blank\" rel=\"noopener\">Or\u00e7amento da Crian\u00e7a e Adolescente\n<\/a><\/div>\n<div class=\"pagpo-col\"><a class=\"pagpo-card-link\" href=\"https:\/\/www.redeplan.planejamento.rj.gov.br\/demaisprocessos\/orc_idoso.html\" target=\"_blank\" rel=\"noopener\">Or\u00e7amento do Idoso\n<\/a><\/div>\n<div class=\"pagpo-col\"><a class=\"pagpo-card-link\" href=\"https:\/\/www.redeplan.planejamento.rj.gov.br\/demaisprocessos\/orc_mulher.html\" target=\"_blank\" rel=\"noopener\">Or\u00e7amento da Mulher\n<\/a><\/div>\n<div class=\"pagpo-col\"><a class=\"pagpo-card-link\" href=\"\/plano-estrategico\/\">Plano Estrat\u00e9gico\n<\/a><\/div>\n<\/div>\n<\/div>\n<\/section>","protected":false},"excerpt":{"rendered":"Planejamento e Or\u00e7amento Esta se\u00e7\u00e3o apresenta as bases do planejamento e da aloca\u00e7\u00e3o dos recursos p\u00fablicos no Estado do Rio de Janeiro. Est\u00e3o dispon\u00edveis o Plano Plurianual (PPA), a Lei [&hellip;]","protected":false},"author":1,"featured_media":0,"parent":0,"menu_order":0,"comment_status":"closed","ping_status":"closed","template":"","meta":{"footnotes":""},"class_list":["post-1117","page","type-page","status-publish","hentry"],"_links":{"self":[{"href":"https:\/\/transparencia.cge.rj.gov.br\/transparencia\/wp-json\/wp\/v2\/pages\/1117","targetHints":{"allow":["GET"]}}],"collection":[{"href":"https:\/\/transparencia.cge.rj.gov.br\/transparencia\/wp-json\/wp\/v2\/pages"}],"about":[{"href":"https:\/\/transparencia.cge.rj.gov.br\/transparencia\/wp-json\/wp\/v2\/types\/page"}],"author":[{"embeddable":true,"href":"https:\/\/transparencia.cge.rj.gov.br\/transparencia\/wp-json\/wp\/v2\/users\/1"}],"replies":[{"embeddable":true,"href":"https:\/\/transparencia.cge.rj.gov.br\/transparencia\/wp-json\/wp\/v2\/comments?post=1117"}],"version-history":[{"count":87,"href":"https:\/\/transparencia.cge.rj.gov.br\/transparencia\/wp-json\/wp\/v2\/pages\/1117\/revisions"}],"predecessor-version":[{"id":3139,"href":"https:\/\/transparencia.cge.rj.gov.br\/transparencia\/wp-json\/wp\/v2\/pages\/1117\/revisions\/3139"}],"wp:attachment":[{"href":"https:\/\/transparencia.cge.rj.gov.br\/transparencia\/wp-json\/wp\/v2\/media?parent=1117"}],"curies":[{"name":"wp","href":"https:\/\/api.w.org\/{rel}","templated":true}]}}