{"id":1160,"date":"2025-07-09T11:16:54","date_gmt":"2025-07-09T14:16:54","guid":{"rendered":"https:\/\/transparencia.cge.rj.gov.br\/?page_id=1160"},"modified":"2026-03-12T17:08:09","modified_gmt":"2026-03-12T20:08:09","slug":"divida-ativa","status":"publish","type":"page","link":"https:\/\/transparencia.cge.rj.gov.br\/transparencia\/divida-ativa\/","title":{"rendered":"D\u00edvida Ativa"},"content":{"rendered":"<section class=\"pagpo-section\">\n<div class=\"pagpo-container\">\n<h5 class=\"pagpo-title\">D\u00edvida Ativa<\/h5>\n<p style=\"text-align: justify; color: #010101;\">A D\u00edvida Ativa representa os cr\u00e9ditos tribut\u00e1rios e n\u00e3o tribut\u00e1rios que o poder p\u00fablico tem a receber, inscritos ap\u00f3s o vencimento do prazo legal para pagamento e que n\u00e3o foram quitados espontaneamente pelos devedores. A gest\u00e3o eficiente da d\u00edvida ativa \u00e9 fundamental para a recupera\u00e7\u00e3o de receitas, o fortalecimento da arrecada\u00e7\u00e3o e o financiamento de pol\u00edticas p\u00fablicas essenciais. A inscri\u00e7\u00e3o em d\u00edvida ativa transforma o cr\u00e9dito em t\u00edtulo executivo, permitindo sua cobran\u00e7a judicial ou extrajudicial. Al\u00e9m de ser um instrumento de justi\u00e7a fiscal, a correta administra\u00e7\u00e3o da d\u00edvida ativa contribui para a sustentabilidade financeira do Estado, a equidade no cumprimento das obriga\u00e7\u00f5es fiscais e a credibilidade das institui\u00e7\u00f5es p\u00fablicas.<\/p>\n\n<div class=\"pagpo-row\">\n<div class=\"pagpo-col\"><a class=\"pagpo-card-link\" href=\"https:\/\/pge.rj.gov.br\/divida-ativa-maiores-devedores-inscritos-na-divida-ativa\" target=\"_blank\" rel=\"noopener\">D\u00edvida Ativa\n<\/a><\/div>\n<div class=\"pagpo-col\"><a class=\"pagpo-card-link\" href=\"https:\/\/pge.rj.gov.br\/consulta-de-debitos-fiscais\" target=\"_blank\" rel=\"noopener\">Consulta de D\u00e9bitos Fiscais\n<\/a><\/div>\n<\/div>\n<\/div>\n<\/section>","protected":false},"excerpt":{"rendered":"D\u00edvida Ativa A D\u00edvida Ativa representa os cr\u00e9ditos tribut\u00e1rios e n\u00e3o tribut\u00e1rios que o poder p\u00fablico tem a receber, inscritos ap\u00f3s o vencimento do prazo legal para pagamento e que [&hellip;]","protected":false},"author":1,"featured_media":0,"parent":0,"menu_order":0,"comment_status":"closed","ping_status":"closed","template":"","meta":{"footnotes":""},"class_list":["post-1160","page","type-page","status-publish","hentry"],"_links":{"self":[{"href":"https:\/\/transparencia.cge.rj.gov.br\/transparencia\/wp-json\/wp\/v2\/pages\/1160","targetHints":{"allow":["GET"]}}],"collection":[{"href":"https:\/\/transparencia.cge.rj.gov.br\/transparencia\/wp-json\/wp\/v2\/pages"}],"about":[{"href":"https:\/\/transparencia.cge.rj.gov.br\/transparencia\/wp-json\/wp\/v2\/types\/page"}],"author":[{"embeddable":true,"href":"https:\/\/transparencia.cge.rj.gov.br\/transparencia\/wp-json\/wp\/v2\/users\/1"}],"replies":[{"embeddable":true,"href":"https:\/\/transparencia.cge.rj.gov.br\/transparencia\/wp-json\/wp\/v2\/comments?post=1160"}],"version-history":[{"count":10,"href":"https:\/\/transparencia.cge.rj.gov.br\/transparencia\/wp-json\/wp\/v2\/pages\/1160\/revisions"}],"predecessor-version":[{"id":3176,"href":"https:\/\/transparencia.cge.rj.gov.br\/transparencia\/wp-json\/wp\/v2\/pages\/1160\/revisions\/3176"}],"wp:attachment":[{"href":"https:\/\/transparencia.cge.rj.gov.br\/transparencia\/wp-json\/wp\/v2\/media?parent=1160"}],"curies":[{"name":"wp","href":"https:\/\/api.w.org\/{rel}","templated":true}]}}