{"id":1163,"date":"2025-07-09T14:28:03","date_gmt":"2025-07-09T17:28:03","guid":{"rendered":"https:\/\/transparencia.cge.rj.gov.br\/?page_id=1163"},"modified":"2025-10-16T16:38:12","modified_gmt":"2025-10-16T19:38:12","slug":"concursos","status":"publish","type":"page","link":"https:\/\/transparencia.cge.rj.gov.br\/transparencia\/recursos-humanos\/concursos\/","title":{"rendered":"concursos"},"content":{"rendered":"<div class=\"containerPaginas\">\n<h5 class=\"titulo\">Concursos<\/h5>\n<div class=\"meu-acordeao\">\n<div class=\"acordeao-item\"><button class=\"acordeao-header\">ADMINISTRA\u00c7\u00c3O DIRETA<\/button>\n<div class=\"acordeao-content\">\n<ul class=\"concursos\">\n \t<li><a href=\"https:\/\/sepm.rj.gov.br\/categorias\/concursos\/crsp\/\" target=\"_blank\" rel=\"noopener\">Secretaria de Estado de Pol\u00edcia Militar &#8211; SEPM<\/a><\/li>\n \t<li><a href=\"https:\/\/www.policiacivil.rj.gov.br\/concursos\" target=\"_blank\" rel=\"noopener\">Secretaria de Estado de Pol\u00edcia Civil &#8211; SEPOL<\/a><\/li>\n \t<li><a href=\"https:\/\/cge.rj.gov.br\/concurso-publico\/\">Controladoria Geral do Estado &#8211; CGE-RJ<\/a><\/li>\n \t<li><a href=\"https:\/\/www.rj.gov.br\/degase\/concursos\">Departamento Geral de A\u00e7\u00f5es Socioeducativas &#8211; DEGASE<\/a><\/li>\n \t<li><a href=\"https:\/\/pge.rj.gov.br\/cursos-e-concursos\" target=\"_blank\" rel=\"noopener\">Procuradoria Geral do Estado &#8211; PGE-RJ<\/a><\/li>\n<\/ul>\n<\/div>\n<\/div>\n<div class=\"acordeao-item\"><button class=\"acordeao-header\">AUTARQUIAS<\/button>\n<div class=\"acordeao-content\">\n<ul class=\"concursos\">\n \t<li><a href=\"http:\/\/www.ipem.rj.gov.br\/Concursos\/\" target=\"_blank\" rel=\"noopener\">Instituto de Pesos e Medidas do Estado do Rio de Janeiro &#8211; IPEM<\/a><\/li>\n \t<li><a href=\"http:\/\/www.iterj.rj.gov.br\/iterj_site\/concursos\" target=\"_blank\" rel=\"noopener\">Instituto de Terras e Cartografia do Estado do Rio de Janeiro &#8211; ITERJ<\/a><\/li>\n \t<li><a href=\"https:\/\/www.rj.gov.br\/rioprevidencia\/Concursos\">RioPrevid\u00eancia<\/a><\/li>\n<\/ul>\n<\/div>\n<\/div>\n<div class=\"acordeao-item\"><button class=\"acordeao-header\">FUNDA\u00c7\u00d5ES<\/button>\n<div class=\"acordeao-content\">\n<ul class=\"concursos\">\n \t<li><a href=\"https:\/\/ceperj.selecao.net.br\/\" target=\"_blank\" rel=\"noopener\">Funda\u00e7\u00e3o Centro Estadual de Estat\u00edstica, Pesquisa e Forma\u00e7\u00e3o de Servidores P\u00fablicos &#8211; CEPERJ<\/a><\/li>\n \t<li><a href=\"https:\/\/www.faetec.rj.gov.br\/index.php\/home\/inscricoes\/concursos\">Funda\u00e7\u00e3o de Apoio \u00e0 Escola T\u00e9cnica do Estado do Rio de Janeiro &#8211; FAETEC<\/a><\/li>\n \t<li><a href=\"https:\/\/www.uerj.br\/concursos-e-editais\" target=\"_blank\" rel=\"noopener\">Universidade do Estado do Rio de Janeiro &#8211; UERJ<\/a><\/li>\n<\/ul>\n<\/div>\n<\/div>\n<div class=\"acordeao-item\"><button class=\"acordeao-header\">EMPRESAS P\u00daBLICAS<\/button>\n<div class=\"acordeao-content\">\n<ul class=\"concursos\">\n \t<li><a href=\"https:\/\/www.agerio.com.br\/concurso-publico\/\" target=\"_blank\" rel=\"noopener\">Ag\u00eancia de Fomento do Estado do Rio de Janeiro &#8211; AgeRio<\/a><\/li>\n<\/ul>\n<\/div>\n<\/div>\n<\/div>\n<\/div>","protected":false},"excerpt":{"rendered":"Concursos ADMINISTRA\u00c7\u00c3O DIRETA Secretaria de Estado de Pol\u00edcia Militar &#8211; SEPM Secretaria de Estado de Pol\u00edcia Civil &#8211; SEPOL Controladoria Geral do Estado &#8211; CGE-RJ Departamento Geral de A\u00e7\u00f5es Socioeducativas [&hellip;]","protected":false},"author":1,"featured_media":0,"parent":1288,"menu_order":0,"comment_status":"closed","ping_status":"closed","template":"","meta":{"footnotes":""},"class_list":["post-1163","page","type-page","status-publish","hentry"],"_links":{"self":[{"href":"https:\/\/transparencia.cge.rj.gov.br\/transparencia\/wp-json\/wp\/v2\/pages\/1163","targetHints":{"allow":["GET"]}}],"collection":[{"href":"https:\/\/transparencia.cge.rj.gov.br\/transparencia\/wp-json\/wp\/v2\/pages"}],"about":[{"href":"https:\/\/transparencia.cge.rj.gov.br\/transparencia\/wp-json\/wp\/v2\/types\/page"}],"author":[{"embeddable":true,"href":"https:\/\/transparencia.cge.rj.gov.br\/transparencia\/wp-json\/wp\/v2\/users\/1"}],"replies":[{"embeddable":true,"href":"https:\/\/transparencia.cge.rj.gov.br\/transparencia\/wp-json\/wp\/v2\/comments?post=1163"}],"version-history":[{"count":10,"href":"https:\/\/transparencia.cge.rj.gov.br\/transparencia\/wp-json\/wp\/v2\/pages\/1163\/revisions"}],"predecessor-version":[{"id":2813,"href":"https:\/\/transparencia.cge.rj.gov.br\/transparencia\/wp-json\/wp\/v2\/pages\/1163\/revisions\/2813"}],"up":[{"embeddable":true,"href":"https:\/\/transparencia.cge.rj.gov.br\/transparencia\/wp-json\/wp\/v2\/pages\/1288"}],"wp:attachment":[{"href":"https:\/\/transparencia.cge.rj.gov.br\/transparencia\/wp-json\/wp\/v2\/media?parent=1163"}],"curies":[{"name":"wp","href":"https:\/\/api.w.org\/{rel}","templated":true}]}}