{"id":1165,"date":"2025-07-09T14:44:17","date_gmt":"2025-07-09T17:44:17","guid":{"rendered":"https:\/\/transparencia.cge.rj.gov.br\/?page_id=1165"},"modified":"2026-03-17T11:31:18","modified_gmt":"2026-03-17T14:31:18","slug":"terceirizados","status":"publish","type":"page","link":"https:\/\/transparencia.cge.rj.gov.br\/transparencia\/recursos-humanos\/terceirizados\/","title":{"rendered":"terceirizados"},"content":{"rendered":"<div class=\"containerPaginas\">\n<h5 class=\"titulo\">Lista de Terceirizados<\/h5>\nA lista de terceirizados que prestam servi\u00e7os para o Poder Executivo, s\u00e3o disponibilizadas nas p\u00e1ginas de transpar\u00eancia de cada \u00f3rg\u00e3o e podem ser acessadas nos links abaixo:\n\n(\u00faltima atualiza\u00e7\u00e3o: 17\/03\/2026)\n<div class=\"meu-acordeao\">\n<div class=\"acordeao-item\"><button class=\"acordeao-header\">ADMINISTRA\u00c7\u00c3O DIRETA<\/button>\n<div class=\"acordeao-content\">\n<ul>\n \t<li><a href=\"https:\/\/cge.rj.gov.br\/servidores-2\/\" target=\"_blank\" rel=\"noopener\">Controladoria Geral do Estado do Rio de Janeiro &#8211; CGE\/RJ<\/a><\/li>\n \t<li><a href=\"https:\/\/www.rj.gov.br\/gsi\/servidores\" target=\"_blank\" rel=\"noopener\">Gabinete de Seguran\u00e7a Institucional do Estado do Rio de Janeiro &#8211; GSI<\/a><\/li>\n \t<li><a href=\"https:\/\/www.rj.gov.br\/casacivil\/servidores\" target=\"_blank\" rel=\"noopener\">Secretaria de Estado da Casa Civil &#8211; SECC<\/a><\/li>\n \t<li><a href=\"https:\/\/www.rj.gov.br\/admpenitenciaria\/servidores\" target=\"_blank\" rel=\"noopener\">Secretaria de Estado de Administra\u00e7\u00e3o Penitenci\u00e1ria &#8211; SEAP<\/a><\/li>\n \t<li><a href=\"https:\/\/www.rj.gov.br\/agricultura\/servidores\" target=\"_blank\" rel=\"noopener\">Secretaria de Estado de Agricultura, Pecu\u00e1ria e Abastecimento &#8211; SEAPA<\/a><\/li>\n \t<li><a href=\"https:\/\/www.rj.gov.br\/secid\/node\/63\" target=\"_blank\" rel=\"noopener\">Secretaria de Estado das Cidades &#8211; SECID<\/a><\/li>\n \t<li><a href=\"https:\/\/www.rj.gov.br\/tecnologia\/servidores\" target=\"_blank\" rel=\"noopener\">Secretaria de Estado de Ci\u00eancia, Tecnologia e Inova\u00e7\u00e3o &#8211; SECTI<\/a><\/li>\n \t<li><a href=\"http:\/\/cultura.rj.gov.br\/servidores\/\" target=\"_blank\" rel=\"noopener\">Secretaria de Estado de Cultura e Economia e Inova\u00e7\u00e3o &#8211; SECEC<\/a><\/li>\n \t<li><a href=\"https:\/\/www.defesacivil.rj.gov.br\/index.php\/defesa-civil\/transparencia\/servidores\" target=\"_blank\" rel=\"noopener\">Secretaria de Estado de Defesa Civil &#8211; SEDEC<\/a><\/li>\n \t<li><a href=\"https:\/\/www.rj.gov.br\/sedconsumidor\/servidores\" target=\"_blank\" rel=\"noopener\">Secretaria de Estado de Defesa do Consumidor &#8211; SEDCON<\/a><\/li>\n \t<li><a href=\"https:\/\/www.rj.gov.br\/desenvolvimentoeconomico\/servidores\" target=\"_blank\" rel=\"noopener\">Secretaria de Estado de Desenvolvimento Econ\u00f4mico, Ind\u00fastria, Com\u00e9rcio e Servi\u00e7os &#8211; SEDEICS<\/a><\/li>\n \t<li><a href=\"https:\/\/www.rj.gov.br\/secretarias\" target=\"_blank\" rel=\"noopener\">Secretaria de Estado de Desenvolvimento Regional do Interior, Pesca e Agricultura Familiar &#8211; SEDIPAF<\/a><\/li>\n \t<li><a href=\"https:\/\/www.rj.gov.br\/secsocial\/\" target=\"_blank\" rel=\"noopener\">Secretaria de Estado de Desenvolvimento Social e Direitos Humanos &#8211; SEDSODH<\/a><\/li>\n \t<li><a href=\"https:\/\/sites.google.com\/educa.rj.gov.br\/portaldatransparencia\/in%C3%ADcio\/servidores\" target=\"_blank\" rel=\"noopener\">Secretaria de Estado de Educa\u00e7\u00e3o &#8211; SEEDUC<\/a><\/li>\n \t<li><a href=\"https:\/\/www.rj.gov.br\/seenemar\/servidores\" target=\"_blank\" rel=\"noopener\">Secretaria de Estado de Energia e Economia do Mar &#8211; SEENEMAR<\/a><\/li>\n \t<li><a href=\"https:\/\/www.rj.gov.br\/esporte\/servidores\" target=\"_blank\" rel=\"noopener\">Secretaria de Estado de Esporte e Lazer &#8211; SEEL<\/a><\/li>\n \t<li><a href=\"https:\/\/www.fazenda.rj.gov.br\/portal-fazenda\/#\/\" target=\"_blank\" rel=\"noopener\">Secretaria de Estado de Fazenda &#8211; SEFAZ<\/a><\/li>\n \t<li><a href=\"https:\/\/www.rj.gov.br\/secretarias\" target=\"_blank\" rel=\"noopener\">Secretaria de Estado do Gabinete do Governador &#8211; SEGG<\/a><\/li>\n \t<li><a href=\"https:\/\/www.rj.gov.br\/segov\/servidores\" target=\"_blank\" rel=\"noopener\">Secretaria de Estado de Governo &#8211; SEGOV<\/a><\/li>\n \t<li><a href=\"https:\/\/www.rj.gov.br\/habitacao\/\" target=\"_blank\" rel=\"noopener\">Secretaria de Estado de Habita\u00e7\u00e3o de Interesse Social &#8211; SEHIS<\/a><\/li>\n \t<li><a href=\"https:\/\/www.rj.gov.br\/seijes\/Servidores\" target=\"_blank\" rel=\"noopener\">Secretaria de Estado Interacional de Juventude e Envelhecimento Saud\u00e1vel &#8211; SEIJES<\/a><\/li>\n \t<li><a href=\"https:\/\/www.rj.gov.br\/seiop\/node\/63\" target=\"_blank\" rel=\"noopener\">Secretaria de Estado de Infraestrutura e P\u00fablicas &#8211; SEIOP<\/a><\/li>\n \t<li><a href=\"https:\/\/www.rj.gov.br\/secmulher\/servidores\" target=\"_blank\" rel=\"noopener\">Secretaria de Estado da Mulher &#8211; SEM<\/a><\/li>\n \t<li><a href=\"https:\/\/www.rj.gov.br\/planejamento\/servidores\" target=\"_blank\" rel=\"noopener\">Secretaria de Estado de Planejamento e Gest\u00e3o &#8211; SEPLAG<\/a><\/li>\n \t<li><a href=\"https:\/\/www.policiacivil.rj.gov.br\/menuTransparencia\/servidores\" target=\"_blank\" rel=\"noopener\">Secretaria de Estado de Pol\u00edcia Civil &#8211; SEPOL<\/a><\/li>\n \t<li><a href=\"https:\/\/sepm.rj.gov.br\/servidores\/\" target=\"_blank\" rel=\"noopener\">Secretaria de Estado de Pol\u00edcia Militar &#8211; SEPM<\/a><\/li>\n \t<li><a href=\"https:\/\/www.rj.gov.br\/saude\/servidores\" target=\"_blank\" rel=\"noopener\">Secretaria de Estado de Sa\u00fade &#8211; SES<\/a><\/li>\n \t<li><a href=\"https:\/\/www.rj.gov.br\/seguranca\/servidores\" target=\"_blank\" rel=\"noopener\">Secretaria de Estado de Seguran\u00e7a P\u00fablica &#8211; SESP<\/a><\/li>\n \t<li><a href=\"https:\/\/www.rj.gov.br\/trabalho\/servidores\" target=\"_blank\" rel=\"noopener\">Secretaria de Estado de Trabalho e Renda &#8211; SETRAB<\/a><\/li>\n \t<li><a href=\"https:\/\/www.rj.gov.br\/digital\/servidores\" target=\"_blank\" rel=\"noopener\">Secretaria de Estado de Transforma\u00e7\u00e3o Digital &#8211; SETD<\/a><\/li>\n \t<li><a href=\"https:\/\/www.rj.gov.br\/transporte\/servidores\" target=\"_blank\" rel=\"noopener\">Secretaria de Estado de Transporte e Mobilidade Urbana &#8211; SETRAM<\/a><\/li>\n \t<li><a href=\"https:\/\/www.rj.gov.br\/secturismo\/servidores\" target=\"_blank\" rel=\"noopener\">Secretaria de Estado de Turismo &#8211; SETUR<\/a><\/li>\n \t<li><a href=\"https:\/\/www.rj.gov.br\/seas\/Servidores\" target=\"_blank\" rel=\"noopener\">Secretaria de Estado do Ambiente e Sustentabilidade &#8211; SEAS<\/a><\/li>\n \t<li><a href=\"https:\/\/www.rj.gov.br\/degase\/servidores\" target=\"_blank\" rel=\"noopener\">Departamento Geral de A\u00e7\u00f5es Socioeducativas &#8211; DEGASE<\/a><\/li>\n \t<li><a href=\"https:\/\/www.rj.gov.br\/representacao\/servidores\" target=\"_blank\" rel=\"noopener\">Secretaria Extraordin\u00e1ria de Representa\u00e7\u00e3o do Governo em Bras\u00edlia &#8211; SERGB<\/a><\/li>\n<\/ul>\n<\/div>\n<\/div>\n<div class=\"acordeao-item\"><button class=\"acordeao-header\">AUTARQUIA<\/button>\n<div class=\"acordeao-content\">\n<ul>\n \t<li><a href=\"https:\/\/www.rj.gov.br\/agenersa\/servidores\" target=\"_blank\" rel=\"noopener\">Ag\u00eancia Reguladora de Energia e Saneamento B\u00e1sico do Estado do Rio de Janeiro &#8211; AGENERSA<\/a><\/li>\n \t<li><a href=\"https:\/\/www.agetransp.rj.gov.br\/transparencia\/servidores\" target=\"_blank\" rel=\"noopener\">Ag\u00eancia Reguladora de Servi\u00e7os P\u00fablicos Concedidos de Transportes Aquavi\u00e1rios, Ferrovi\u00e1rios e Metrovi\u00e1rios e Rodovias do Estado do Rio de Janeiro &#8211; AGETRANSP<\/a><\/li>\n \t<li><a href=\"http:\/\/www.procon.rj.gov.br\/\" target=\"_blank\" rel=\"noopener\">Autarquia de Prote\u00e7\u00e3o e Defesa do Consumidor &#8211; PROCON\/RJ<\/a><\/li>\n \t<li><a href=\"https:\/\/www.rj.gov.br\/proderj\/node\/211\" target=\"_blank\" rel=\"noopener\">Centro de Tecnologia de Informa\u00e7\u00e3o e Comunica\u00e7\u00e3o do Estado do Rio de Janeiro &#8211; PRODERJ<\/a><\/li>\n \t<li><a href=\"https:\/\/www.detran.rj.gov.br\/transparencia\/transparencia-outros\/servidores.html\" target=\"_blank\" rel=\"noopener\">Departamento de Tr\u00e2nsito do Estado do Rio de Janeiro &#8211; DETRAN<\/a><\/li>\n \t<li><a href=\"https:\/\/www.rj.gov.br\/drm\/servidores\" target=\"_blank\" rel=\"noopener\">Departamento de Recursos Minerais do Estado do Rio de Janeiro &#8211; DRM<\/a><\/li>\n \t<li><a href=\"http:\/\/www.detro.rj.gov.br\/transpInfo?info=8\" target=\"_blank\" rel=\"noopener\">Departamento de Transportes Rodovi\u00e1rios do Estado do Rio de Janeiro &#8211; DETRO\/RJ<\/a><\/li>\n \t<li><a href=\"https:\/\/www.rj.gov.br\/rioprevidencia\/Servidores\" target=\"_blank\" rel=\"noopener\">Fundo \u00danico de Previd\u00eancia Social do Estado do Rio de Janeiro &#8211; RIOPREVID\u00caNCIA<\/a><\/li>\n \t<li><a href=\"https:\/\/www.rj.gov.br\/transparencia\/servidores\" target=\"_blank\" rel=\"noopener\">Instituto de Assist\u00eancia dos Servidores do Estado do Rio de Janeiro &#8211; IASERJ<\/a><\/li>\n \t<li><a href=\"https:\/\/www.ipem.rj.gov.br\/Home\/Default.aspx\" target=\"_blank\" rel=\"noopener\">Instituto de Pesos e Medidas do Estado do Rio de Janeiro &#8211; IPEM<\/a><\/li>\n \t<li><a href=\"https:\/\/www.rj.gov.br\/isp\/servidores\" target=\"_blank\" rel=\"noopener\">Instituto de Seguran\u00e7a P\u00fablica &#8211; ISP<\/a><\/li>\n \t<li><a href=\"https:\/\/www.rj.gov.br\/ieea\/Servidores\" target=\"_blank\" rel=\"noopener\">Instituto Estadual de Engenharia e Arquitetura &#8211; IEEA<\/a><\/li>\n \t<li><a href=\"https:\/\/www.inea.rj.gov.br\/wp-content\/uploads\/2023\/12\/Plano-Estrat%C3%A9gico_INEA_2023.2025_Vers%C3%A3o-1.0-2.pdf\" target=\"_blank\" rel=\"noopener\">Instituto Estadual do Ambiente &#8211; INEA<\/a><\/li>\n \t<li><a href=\"http:\/\/www.iterj.rj.gov.br\/iterj_site\/servidores\" target=\"_blank\" rel=\"noopener\">Instituto de Terras e Cartografia do Estado do Rio de Janeiro &#8211; ITERJ<\/a><\/li>\n \t<li><a href=\"https:\/\/www.rj.gov.br\/irm\/servidores\" target=\"_blank\" rel=\"noopener\">Instituto Rio Metr\u00f3pole &#8211; IRM<\/a><\/li>\n \t<li><a href=\"https:\/\/www.jucerja.rj.gov.br\/Transparencia\/Servidores\" target=\"_blank\" rel=\"noopener\">Junta Comercial do Estado do Rio de Janeiro &#8211; JUCERJA<\/a><\/li>\n \t<li><a href=\"https:\/\/www.loterj.rj.gov.br\/parceria.php?pag=0&amp;tipo=8\" target=\"_blank\" rel=\"noopener\">Loteria do Estado do Rio de Janeiro &#8211; LOTERJ<\/a><\/li>\n \t<li><a href=\"https:\/\/www.rj.gov.br\/suderj\/servidores\" target=\"_blank\" rel=\"noopener\">Superintend\u00eancia de Desportos do Estado do Rio de Janeiro &#8211; SUDERJ<\/a><\/li>\n<\/ul>\n<\/div>\n<\/div>\n<div class=\"acordeao-item\"><button class=\"acordeao-header\">EMPRESA P\u00daBLICA<\/button>\n<div class=\"acordeao-content\">\n<ul>\n \t<li><a href=\"https:\/\/www.agerio.com.br\/transparencia\/servidores\/\" target=\"_blank\" rel=\"noopener\">Ag\u00eancia de Fomento do Estado do Rio de Janeiro S.A. &#8211; AGERIO<\/a><\/li>\n \t<li><a href=\"https:\/\/www.rj.gov.br\/central\/servidores\" target=\"_blank\" rel=\"noopener\">Companhia Estadual de Engenharia de Transportes e Log\u00edstica &#8211; CENTRAL<\/a><\/li>\n \t<li><a href=\"https:\/\/www.rj.gov.br\/emater\/servidores\" target=\"_blank\" rel=\"noopener\">Empresa de Assist\u00eancia T\u00e9cnica e Extens\u00e3o Rural do Rio de Janeiro &#8211; EMATER<\/a><\/li>\n \t<li><a href=\"https:\/\/www.rj.gov.br\/emop\/servidores\" target=\"_blank\" rel=\"noopener\">Empresa de Obras P\u00fablicas do Estado do Rio de Janeiro &#8211; EMOP<\/a><\/li>\n \t<li><a href=\"https:\/\/www.rj.gov.br\/pesagro\/convenios\" target=\"_blank\" rel=\"noopener\">Empresa de Pesquisa Agropecu\u00e1ria do Estado do Rio de Janeiro &#8211; PESAGRO<\/a><\/li>\n \t<li><a href=\"https:\/\/transparencia.ioerj.com.br\/servidores\/\" target=\"_blank\" rel=\"noopener\">Imprensa Oficial do Estado do Rio de Janeiro &#8211; IOERJ<\/a><\/li>\n<\/ul>\n<\/div>\n<\/div>\n<div class=\"acordeao-item\"><button class=\"acordeao-header\">FUNDA\u00c7\u00c3O<\/button>\n<div class=\"acordeao-content\">\n<ul>\n \t<li><a href=\"https:\/\/www.casafrancabrasil.rj.gov.br\/\" target=\"_blank\" rel=\"noopener\">Funda\u00e7\u00e3o Casa Fran\u00e7a Brasil &#8211; FCFB<\/a><\/li>\n \t<li><a href=\"https:\/\/www.faperj.br\/?id=16.5.4\" target=\"_blank\" rel=\"noopener\">Funda\u00e7\u00e3o Carlos Chagas Filho de Amparo \u00e0 Pesquisa do RJ &#8211; FAPERJ<\/a><\/li>\n \t<li><a href=\"https:\/\/www.cecierj.edu.br\/sobre\/transparencia\/#servidores\" target=\"_blank\" rel=\"noopener\">Funda\u00e7\u00e3o Centro de Ci\u00eancias e de Educa\u00e7\u00e3o Superior \u00e0 Dist\u00e2ncia do Estado do RJ &#8211; CECIERJ<\/a><\/li>\n \t<li><a href=\"https:\/\/www.rj.gov.br\/ceperj\/servidores\" target=\"_blank\" rel=\"noopener\">Funda\u00e7\u00e3o Centro Estadual de Estat\u00edsticas, Pesquisas e Forma\u00e7\u00e3o de Servidores P\u00fablicos do Rio de Janeiro &#8211; CEPERJ<\/a><\/li>\n \t<li><a href=\"https:\/\/www.faetec.rj.gov.br\/\" target=\"_blank\" rel=\"noopener\">Funda\u00e7\u00e3o Centro Universit\u00e1rio Estade Apoio \u00e0 Escola T\u00e9cnica do Estado do Rio de Janeiro &#8211; FAETEC<\/a><\/li>\n \t<li><a href=\"https:\/\/www.uezo.br\/institucional\/servidores-terceirizados\/\" target=\"_blank\" rel=\"noopener\">Funda\u00e7\u00e3o Centro Universit\u00e1rio Estadual da Zona Oeste &#8211; UEZO<\/a><\/li>\n \t<li><a href=\"https:\/\/www.der.rj.gov.br\/\" target=\"_blank\" rel=\"noopener\">Funda\u00e7\u00e3o Departamento de Estradas e Rodagem &#8211; DER<\/a><\/li>\n \t<li><a href=\"https:\/\/www.rj.gov.br\/fia\/node\/66\" target=\"_blank\" rel=\"noopener\">Funda\u00e7\u00e3o para a Inf\u00e2ncia e Adolesc\u00eancia &#8211; FIA\/RJ<\/a><\/li>\n \t<li><a href=\"https:\/\/www.rj.gov.br\/fiperj\/sites\/default\/files\/arquivos-paginas\/Planilha%20dos%20Terceirizados.pdf\" target=\"_blank\" rel=\"noopener\">Funda\u00e7\u00e3o Instituto de Pesca do Estado do Rio de Janeiro &#8211; FIPERJ<\/a><\/li>\n \t<li><a href=\"https:\/\/www.leaoxiii.rj.gov.br\/servidores.asp\" target=\"_blank\" rel=\"noopener\">Funda\u00e7\u00e3o Le\u00e3o XIII &#8211; FLXIII<\/a><\/li>\n \t<li><a href=\"https:\/\/mis.rj.gov.br\/v1\/\" target=\"_blank\" rel=\"noopener\">Funda\u00e7\u00e3o Museu da Imagem e do Som &#8211; FMIS<\/a><\/li>\n \t<li><a href=\"https:\/\/www.rj.gov.br\/funarj\/servidores\" target=\"_blank\" rel=\"noopener\">Funda\u00e7\u00e3o Anita Mantuano de Artes do Estado do Rio de Janeiro &#8211; FUNARJ<\/a><\/li>\n \t<li><a href=\"https:\/\/rjprev.org.br\/transparencia\/servidores\/\" target=\"_blank\" rel=\"noopener\">Funda\u00e7\u00e3o de Previd\u00eancia Complementar do Estado do Rio de Janeiro &#8211; RJPREV<\/a><\/li>\n \t<li><a href=\"https:\/\/santacabrini.rj.gov.br\/servidores\/\" target=\"_blank\" rel=\"noopener\">Funda\u00e7\u00e3o Santa Cabrini &#8211; FSC<\/a><\/li>\n \t<li><a href=\"http:\/\/www.fs.rj.gov.br\/institucional\/transparencia\/\" target=\"_blank\" rel=\"noopener\">Funda\u00e7\u00e3o Sa\u00fade do Estado do Rio de Janeiro &#8211; FSERJ<\/a><\/li>\n \t<li><a href=\"http:\/\/theatromunicipal.rj.gov.br\/\" target=\"_blank\" rel=\"noopener\">Funda\u00e7\u00e3o Theatro Municipal &#8211; FTM<\/a><\/li>\n \t<li><a href=\"https:\/\/uenf.br\/reitoria\/transparencia\/8-servidores\/08-04-lista-de-terceirizados\/\" target=\"_blank\" rel=\"noopener\">Funda\u00e7\u00e3o Universidade Estadual do Norte Fluminense Darcy Ribeiro &#8211; UENF<\/a><\/li>\n \t<li><a href=\"https:\/\/www.transparencia.uerj.br\/servidores\/\" target=\"_blank\" rel=\"noopener\">Funda\u00e7\u00e3o Universidade do Estado do Rio de Janeiro &#8211; UERJ<\/a><\/li>\n<\/ul>\n<\/div>\n<\/div>\n<div class=\"acordeao-item\"><button class=\"acordeao-header\">FUNDO<\/button>\n<div class=\"acordeao-content\">\n<ul>\n \t<li><a href=\"https:\/\/www.funesbom.rj.gov.br\/\" target=\"_blank\" rel=\"noopener\">Fundo Especial de Corpo de Bombeiros &#8211; FUNESBOM<\/a><\/li>\n<\/ul>\n<\/div>\n<\/div>\n<div class=\"acordeao-item\"><button class=\"acordeao-header\">SOCIEDADE DE ECONOMIA MISTA<\/button>\n<div class=\"acordeao-content\">\n<ul>\n \t<li><a href=\"https:\/\/www.rj.gov.br\/ceasa\/servidores\" target=\"_blank\" rel=\"noopener\">Centrais de Abastecimento do Estado do Rio de Janeiro &#8211; CEASA<\/a><\/li>\n \t<li><a href=\"https:\/\/www.cedae.com.br\/funcionario\" target=\"_blank\" rel=\"noopener\">Companhia Estadual de \u00c1guas e Esgotos &#8211; CEDAE<\/a><\/li>\n \t<li><a href=\"https:\/\/www.rj.gov.br\/cehab\/servidores\" target=\"_blank\" rel=\"noopener\">Companhia Estadual de Habita\u00e7\u00e3o do Rio de Janeiro &#8211; CEHAB<\/a><\/li>\n \t<li><a href=\"https:\/\/www.codin.rj.gov.br\/servidores?lang=em\" target=\"_blank\" rel=\"noopener\">Companhia de Desenvolvimento Industrial do Estado do Rio de Janeiro &#8211; CODIN<\/a><\/li>\n \t<li><a href=\"https:\/\/www.rj.gov.br\/coderte\/servidores\" target=\"_blank\" rel=\"noopener\">Companhia de Desenvolvimento Rodovi\u00e1rio e Terminais do Estado do RJ &#8211; CODERTE<\/a><\/li>\n \t<li><a href=\"https:\/\/www.rj.gov.br\/riotrilhos\/servidores\" target=\"_blank\" rel=\"noopener\">Companhia de Transportes sobre Trilhos do Estado do Rio de Janeiro &#8211; RIOTRILHOS<\/a><\/li>\n \t<li><a href=\"https:\/\/www.turisrio.rj.gov.br\/default_institucional.asp\" target=\"_blank\" rel=\"noopener\">Companhia de Turismo do Estado do Rio de Janeiro &#8211; TURISRIO<\/a><\/li>\n \t<li><a href=\"https:\/\/www.rj.gov.br\/vitalbrazil\/Servidores\" target=\"_blank\" rel=\"noopener\">Instituto Vital Brasil S.A. &#8211; IVB<\/a><\/li>\n<\/ul>\n<\/div>\n<\/div>\n<\/div>\n<\/div>","protected":false},"excerpt":{"rendered":"Lista de Terceirizados A lista de terceirizados que prestam servi\u00e7os para o Poder Executivo, s\u00e3o disponibilizadas nas p\u00e1ginas de transpar\u00eancia de cada \u00f3rg\u00e3o e podem ser acessadas nos links abaixo: [&hellip;]","protected":false},"author":1,"featured_media":0,"parent":1288,"menu_order":0,"comment_status":"closed","ping_status":"closed","template":"","meta":{"footnotes":""},"class_list":["post-1165","page","type-page","status-publish","hentry"],"_links":{"self":[{"href":"https:\/\/transparencia.cge.rj.gov.br\/transparencia\/wp-json\/wp\/v2\/pages\/1165","targetHints":{"allow":["GET"]}}],"collection":[{"href":"https:\/\/transparencia.cge.rj.gov.br\/transparencia\/wp-json\/wp\/v2\/pages"}],"about":[{"href":"https:\/\/transparencia.cge.rj.gov.br\/transparencia\/wp-json\/wp\/v2\/types\/page"}],"author":[{"embeddable":true,"href":"https:\/\/transparencia.cge.rj.gov.br\/transparencia\/wp-json\/wp\/v2\/users\/1"}],"replies":[{"embeddable":true,"href":"https:\/\/transparencia.cge.rj.gov.br\/transparencia\/wp-json\/wp\/v2\/comments?post=1165"}],"version-history":[{"count":10,"href":"https:\/\/transparencia.cge.rj.gov.br\/transparencia\/wp-json\/wp\/v2\/pages\/1165\/revisions"}],"predecessor-version":[{"id":3199,"href":"https:\/\/transparencia.cge.rj.gov.br\/transparencia\/wp-json\/wp\/v2\/pages\/1165\/revisions\/3199"}],"up":[{"embeddable":true,"href":"https:\/\/transparencia.cge.rj.gov.br\/transparencia\/wp-json\/wp\/v2\/pages\/1288"}],"wp:attachment":[{"href":"https:\/\/transparencia.cge.rj.gov.br\/transparencia\/wp-json\/wp\/v2\/media?parent=1165"}],"curies":[{"name":"wp","href":"https:\/\/api.w.org\/{rel}","templated":true}]}}