{"id":1169,"date":"2025-07-11T09:46:14","date_gmt":"2025-07-11T12:46:14","guid":{"rendered":"https:\/\/transparencia.cge.rj.gov.br\/?page_id=1169"},"modified":"2025-08-04T13:34:25","modified_gmt":"2025-08-04T16:34:25","slug":"sic","status":"publish","type":"page","link":"https:\/\/transparencia.cge.rj.gov.br\/transparencia\/ouvidoria\/sic\/","title":{"rendered":"SIC"},"content":{"rendered":"<section class=\"pagpo-section\">\n  <div class=\"pagpo-container\">\n    <h5 class=\"pagpo-title\">Servi\u00e7o de Informa\u00e7\u00e3o ao Cidad\u00e3o &#8211; SIC<\/h5>\n    <p>\n      O servi\u00e7o de Informa\u00e7\u00e3o ao Cidad\u00e3o &#8211; SIC permite que qualquer pessoa, f\u00edsica ou jur\u00eddica, encaminhe pedidos de acesso \u00e0 informa\u00e7\u00e3o, acompanhe o prazo e receba a resposta da solicita\u00e7\u00e3o realizada aos \u00f3rg\u00e3os e entidades do Poder Executivo do Estado do Rio de Janeiro.\n    <\/p>\n    <p>\n      Por meio da Lei Federal n\u00ba 12.527\/2011 &#8211; LAI, regulamentada no \u00e2mbito do Estado do Rio de Janeiro pelo Decreto n\u00ba 46.475\/2018, o cidad\u00e3o passa a ter o direito de requerer informa\u00e7\u00f5es p\u00fablicas de seu interesse. Para isso, o solicitante pode optar pelo acesso ao Sistema Informatizado de Ouvidoria e Transpar\u00eancia (OuvERJ) e clicar na op\u00e7\u00e3o Acesso \u00e0 Informa\u00e7\u00e3o.\n    <\/p>\n    <p>\n      O prazo de resposta ao cidad\u00e3o \u00e9 de 20 dias, prorrog\u00e1veis por mais 10 dias.\n    <\/p>\n\n    <div class=\"pagpo-row\">\n      <div class=\"pagpo-col\">\n        <a class=\"pagpo-card-link\" href=\"https:\/\/www.rj.gov.br\/transparencia\/sites\/default\/files\/arquivos_paginas\/Lei%2012527%20-%20LAI.pdf\" target=\"_blank\" rel=\"noopener\">\n          <span>Ver Lei Federal<\/span>\n        <\/a>\n      <\/div>\n      <div class=\"pagpo-col\">\n        <a class=\"pagpo-card-link\" href=\"https:\/\/www.rj.gov.br\/transparencia\/sites\/default\/files\/arquivos_paginas\/Decreto%20Estadual%20n%C2%BA%2046.475.pdf\" target=\"_blank\" rel=\"noopener\">\n          <span>Ver Decreto Estadual<\/span>\n        <\/a>\n      <\/div>\n      <div class=\"pagpo-col\">\n        <a class=\"pagpo-card-link\" href=\"https:\/\/www.rj.gov.br\/ouverj\/\" target=\"_blank\" rel=\"noopener\">\n          <span>Abrir OuvERJ<\/span>\n        <\/a>\n      <\/div>\n      <div class=\"pagpo-col\">\n        <a class=\"pagpo-card-link\" href=\"https:\/\/www.rj.gov.br\/esic\" target=\"_blank\" rel=\"noopener\">\n          <span>Solicitar Informa\u00e7\u00e3o<\/span>\n        <\/a>\n      <\/div>\n      <div class=\"pagpo-col\">\n        <a class=\"pagpo-card-link\" href=\"https:\/\/www.cge.rj.gov.br\/wp-content\/uploads\/2020\/06\/Recurso-Passo-a-Passo-Site-OGE.png\" target=\"_blank\" rel=\"noopener\">\n          <span>Ver procedimentos e prazos<\/span>\n        <\/a>\n      <\/div>\n      <div class=\"pagpo-col\">\n        <a class=\"pagpo-card-link\" href=\"https:\/\/cge.rj.gov.br\/enderecos-horarios-contatos-rede-ouvidorias-transparencia\/\">\n          <span>Ver endere\u00e7os para atendimento<\/span>\n        <\/a>\n      <\/div>\n      <div class=\"pagpo-col\">\n        <a class=\"pagpo-card-link\" href=\"https:\/\/cge.rj.gov.br\/relatorios-estatisticos\/\">\n          <span>Ver relat\u00f3rios estat\u00edsticos<\/span>\n        <\/a>\n      <\/div>\n      <div class=\"pagpo-col\">\n        <a class=\"pagpo-card-link\" href=\"https:\/\/cge.rj.gov.br\/servico-de-informacao-ao-cidadao-sic\/\">\n          <span>Saiba mais<\/span>\n        <\/a>\n      <\/div>\n    <\/div>\n  <\/div>\n<\/section>","protected":false},"excerpt":{"rendered":"Servi\u00e7o de Informa\u00e7\u00e3o ao Cidad\u00e3o &#8211; SIC O servi\u00e7o de Informa\u00e7\u00e3o ao Cidad\u00e3o &#8211; SIC permite que qualquer pessoa, f\u00edsica ou jur\u00eddica, encaminhe pedidos de acesso \u00e0 informa\u00e7\u00e3o, acompanhe o [&hellip;]","protected":false},"author":1,"featured_media":0,"parent":1313,"menu_order":0,"comment_status":"closed","ping_status":"closed","template":"","meta":{"footnotes":""},"class_list":["post-1169","page","type-page","status-publish","hentry"],"_links":{"self":[{"href":"https:\/\/transparencia.cge.rj.gov.br\/transparencia\/wp-json\/wp\/v2\/pages\/1169","targetHints":{"allow":["GET"]}}],"collection":[{"href":"https:\/\/transparencia.cge.rj.gov.br\/transparencia\/wp-json\/wp\/v2\/pages"}],"about":[{"href":"https:\/\/transparencia.cge.rj.gov.br\/transparencia\/wp-json\/wp\/v2\/types\/page"}],"author":[{"embeddable":true,"href":"https:\/\/transparencia.cge.rj.gov.br\/transparencia\/wp-json\/wp\/v2\/users\/1"}],"replies":[{"embeddable":true,"href":"https:\/\/transparencia.cge.rj.gov.br\/transparencia\/wp-json\/wp\/v2\/comments?post=1169"}],"version-history":[{"count":51,"href":"https:\/\/transparencia.cge.rj.gov.br\/transparencia\/wp-json\/wp\/v2\/pages\/1169\/revisions"}],"predecessor-version":[{"id":1796,"href":"https:\/\/transparencia.cge.rj.gov.br\/transparencia\/wp-json\/wp\/v2\/pages\/1169\/revisions\/1796"}],"up":[{"embeddable":true,"href":"https:\/\/transparencia.cge.rj.gov.br\/transparencia\/wp-json\/wp\/v2\/pages\/1313"}],"wp:attachment":[{"href":"https:\/\/transparencia.cge.rj.gov.br\/transparencia\/wp-json\/wp\/v2\/media?parent=1169"}],"curies":[{"name":"wp","href":"https:\/\/api.w.org\/{rel}","templated":true}]}}