{"id":1269,"date":"2025-07-10T13:54:50","date_gmt":"2025-07-10T16:54:50","guid":{"rendered":"https:\/\/transparencia.cge.rj.gov.br\/?page_id=1269"},"modified":"2026-01-07T13:31:05","modified_gmt":"2026-01-07T16:31:05","slug":"convenios-e-transferencias","status":"publish","type":"page","link":"https:\/\/transparencia.cge.rj.gov.br\/transparencia\/convenios-e-transferencias\/","title":{"rendered":"Conv\u00eanios e Transfer\u00eancias"},"content":{"rendered":"<section class=\"pagpo-section\">\n  <div class=\"pagpo-container\">\n    <h5 class=\"pagpo-title\">Conv\u00eanios e Transfer\u00eancias<\/h5>\n    <p style=\"color: #010101\">\n      Conv\u00eanios e transfer\u00eancias s\u00e3o instrumentos essenciais para a execu\u00e7\u00e3o de pol\u00edticas p\u00fablicas, permitindo que o poder p\u00fablico celebre parcerias com entidades privadas, organiza\u00e7\u00f5es da sociedade civil e outros entes da federa\u00e7\u00e3o para a realiza\u00e7\u00e3o de projetos e a\u00e7\u00f5es de interesse p\u00fablico. Os conv\u00eanios s\u00e3o formalizados com base na Lei n\u00ba 13.019\/2014 (Lei dos Conv\u00eanios), que estabelece diretrizes para a coopera\u00e7\u00e3o entre a Uni\u00e3o, Estados, Munic\u00edpios e as entidades privadas, garantindo transpar\u00eancia, controle e efici\u00eancia na aplica\u00e7\u00e3o dos recursos. J\u00e1 as transfer\u00eancias, que podem ser volunt\u00e1rias ou obrigat\u00f3rias, envolvem a transfer\u00eancia de recursos financeiros de uma esfera de governo para outra, com o objetivo de financiar a\u00e7\u00f5es espec\u00edficas ou fomentar o desenvolvimento regional. A correta gest\u00e3o desses instrumentos assegura a execu\u00e7\u00e3o adequada das pol\u00edticas p\u00fablicas, al\u00e9m de garantir a presta\u00e7\u00e3o de contas \u00e0 sociedade e a fiscaliza\u00e7\u00e3o dos \u00f3rg\u00e3os de controle.\n    <\/p>\n    <div class=\"pagpo-row\">\n      <div class=\"pagpo-col\">\n        <a class=\"pagpo-card-link\" href=\"https:\/\/portaldatransparencia.gov.br\/convenios\/consulta?paginacaoSimples=true&amp;tamanhoPagina=&amp;offset=&amp;direcaoOrdenacao=asc&amp;periodoVigenciaDe=01%2F01%2F2020&amp;periodoVigenciaAte=31%2F12%2F2025&amp;tipoConvenente=8&amp;uf=RJ&amp;colunasSelecionadas=linkDetalhamento%2CnumeroConvenio%2Cuf%2CmunicipioConvenente%2Csituacao%2CtipoTransferencia%2Cobjetivo%2CorgaoSuperior%2Corgao%2Cconcedente%2Cconvenente%2CdataInicioVigencia%2CdataFimVigencia%2CdataPublicacao%2CvalorLiberado%2CvalorCelebrado&amp;ordenarPor=orgao&amp;direcao=desc\" target=\"_blank\" rel=\"noopener\">\n          <span>Conv\u00eanios de Receita<\/span>\n        <\/a>\n      <\/div>\n      <div class=\"pagpo-col\">\n        <a class=\"pagpo-card-link\" href=\"http:\/\/www.converj.rj.gov.br\/converj\/servlet\/adconsultawebconvenios\" target=\"_blank\" rel=\"noopener\">\n          <span>Conv\u00eanios de Despesa<\/span>\n        <\/a>\n      <\/div>\n      <div class=\"pagpo-col\">\n        <a class=\"pagpo-card-link\" href=\"https:\/\/portal.fazenda.rj.gov.br\/tesouro\/relatorios\/transferencias-aos-municipios\/\" target=\"_blank\" rel=\"noopener\">\n          <span>Tranfer\u00eancias Municipais<\/span>\n        <\/a>\n      <\/div>\n      <div class=\"pagpo-col\">\n        <a class=\"pagpo-card-link\" href=\"acordos-nao-financeiros\">\n          <span>Acordos N\u00e3o Financeiros<\/span>\n        <\/a>\n      <\/div>\n    <\/div>\n  <\/div>\n<\/section>","protected":false},"excerpt":{"rendered":"Conv\u00eanios e Transfer\u00eancias Conv\u00eanios e transfer\u00eancias s\u00e3o instrumentos essenciais para a execu\u00e7\u00e3o de pol\u00edticas p\u00fablicas, permitindo que o poder p\u00fablico celebre parcerias com entidades privadas, organiza\u00e7\u00f5es da sociedade civil e [&hellip;]","protected":false},"author":1,"featured_media":0,"parent":0,"menu_order":0,"comment_status":"closed","ping_status":"closed","template":"","meta":{"footnotes":""},"class_list":["post-1269","page","type-page","status-publish","hentry"],"_links":{"self":[{"href":"https:\/\/transparencia.cge.rj.gov.br\/transparencia\/wp-json\/wp\/v2\/pages\/1269","targetHints":{"allow":["GET"]}}],"collection":[{"href":"https:\/\/transparencia.cge.rj.gov.br\/transparencia\/wp-json\/wp\/v2\/pages"}],"about":[{"href":"https:\/\/transparencia.cge.rj.gov.br\/transparencia\/wp-json\/wp\/v2\/types\/page"}],"author":[{"embeddable":true,"href":"https:\/\/transparencia.cge.rj.gov.br\/transparencia\/wp-json\/wp\/v2\/users\/1"}],"replies":[{"embeddable":true,"href":"https:\/\/transparencia.cge.rj.gov.br\/transparencia\/wp-json\/wp\/v2\/comments?post=1269"}],"version-history":[{"count":10,"href":"https:\/\/transparencia.cge.rj.gov.br\/transparencia\/wp-json\/wp\/v2\/pages\/1269\/revisions"}],"predecessor-version":[{"id":3145,"href":"https:\/\/transparencia.cge.rj.gov.br\/transparencia\/wp-json\/wp\/v2\/pages\/1269\/revisions\/3145"}],"wp:attachment":[{"href":"https:\/\/transparencia.cge.rj.gov.br\/transparencia\/wp-json\/wp\/v2\/media?parent=1269"}],"curies":[{"name":"wp","href":"https:\/\/api.w.org\/{rel}","templated":true}]}}