{"id":1288,"date":"2025-07-10T15:56:00","date_gmt":"2025-07-10T18:56:00","guid":{"rendered":"https:\/\/transparencia.cge.rj.gov.br\/?page_id=1288"},"modified":"2026-03-16T14:49:45","modified_gmt":"2026-03-16T17:49:45","slug":"recursos-humanos","status":"publish","type":"page","link":"https:\/\/transparencia.cge.rj.gov.br\/transparencia\/recursos-humanos\/","title":{"rendered":"Recursos Humanos"},"content":{"rendered":"<section class=\"pagpo-section\">\n<div class=\"pagpo-container\">\n<h5 class=\"pagpo-title\">Recursos Humanos<\/h5>\n<p style=\"text-align: justify; color: #010101\">Esta se\u00e7\u00e3o apresenta informa\u00e7\u00f5es sobre a gest\u00e3o de pessoal no Estado do Rio de Janeiro. Est\u00e3o dispon\u00edveis dados sobre servidores ativos, inativos e pensionistas, terceirizados, remunera\u00e7\u00f5es, estrutura de cargos e v\u00ednculos, concursos p\u00fablicos, pagamentos de di\u00e1rias e demais despesas com pessoal.\n<div class=\"pagpo-row\">\n<div class=\"pagpo-col\"><a class=\"pagpo-card-link\" href=\"https:\/\/www.consultaremuneracao.rj.gov.br\/remuneracao\/\">Remunera\u00e7\u00e3o Servidores Ativos e Inativos<\/a><\/div>\n<div class=\"pagpo-col\"><a class=\"pagpo-card-link\" href=\"\/diarias\/\">Di\u00e1rias<\/a><\/div>\n<div class=\"pagpo-col\"><a class=\"pagpo-card-link\" href=\"\/terceirizados\/\">Terceirizados<\/a><\/div>\n<div class=\"pagpo-col\"><a class=\"pagpo-card-link\" href=\"\/concursos\" target=\"_blank\" rel=\"noopener\">Concursos<\/a><\/div>\n<div class=\"pagpo-col\"><a class=\"pagpo-card-link\" href=\"https:\/\/qlik.rj.gov.br\/public\/extensions\/Dashboard_SUBGEP_\/Dashboard_SUBGEP_.html\" target=\"_blank\" rel=\"noopener\">Painel de Recursos Humanos<\/a><\/div>\n<div class=\"pagpo-col\"><a class=\"pagpo-card-link\" href=\"https:\/\/www.rj.gov.br\/gesperj\/Caderno_de_Remunera%C3%A7%C3%A3o_\" target=\"_blank\" rel=\"noopener\">Cadernos e Remunera\u00e7\u00e3o<\/a><\/div>\n<\/div>\n<\/div>\n<\/section>","protected":false},"excerpt":{"rendered":"Recursos Humanos Esta se\u00e7\u00e3o apresenta informa\u00e7\u00f5es sobre a gest\u00e3o de pessoal no Estado do Rio de Janeiro. Est\u00e3o dispon\u00edveis dados sobre servidores ativos, inativos e pensionistas, terceirizados, remunera\u00e7\u00f5es, estrutura de [&hellip;]","protected":false},"author":1,"featured_media":0,"parent":0,"menu_order":0,"comment_status":"closed","ping_status":"closed","template":"","meta":{"footnotes":""},"class_list":["post-1288","page","type-page","status-publish","hentry"],"_links":{"self":[{"href":"https:\/\/transparencia.cge.rj.gov.br\/transparencia\/wp-json\/wp\/v2\/pages\/1288","targetHints":{"allow":["GET"]}}],"collection":[{"href":"https:\/\/transparencia.cge.rj.gov.br\/transparencia\/wp-json\/wp\/v2\/pages"}],"about":[{"href":"https:\/\/transparencia.cge.rj.gov.br\/transparencia\/wp-json\/wp\/v2\/types\/page"}],"author":[{"embeddable":true,"href":"https:\/\/transparencia.cge.rj.gov.br\/transparencia\/wp-json\/wp\/v2\/users\/1"}],"replies":[{"embeddable":true,"href":"https:\/\/transparencia.cge.rj.gov.br\/transparencia\/wp-json\/wp\/v2\/comments?post=1288"}],"version-history":[{"count":23,"href":"https:\/\/transparencia.cge.rj.gov.br\/transparencia\/wp-json\/wp\/v2\/pages\/1288\/revisions"}],"predecessor-version":[{"id":3195,"href":"https:\/\/transparencia.cge.rj.gov.br\/transparencia\/wp-json\/wp\/v2\/pages\/1288\/revisions\/3195"}],"wp:attachment":[{"href":"https:\/\/transparencia.cge.rj.gov.br\/transparencia\/wp-json\/wp\/v2\/media?parent=1288"}],"curies":[{"name":"wp","href":"https:\/\/api.w.org\/{rel}","templated":true}]}}