{"id":1300,"date":"2025-07-10T16:31:38","date_gmt":"2025-07-10T19:31:38","guid":{"rendered":"https:\/\/transparencia.cge.rj.gov.br\/?page_id=1300"},"modified":"2026-01-07T13:29:48","modified_gmt":"2026-01-07T16:29:48","slug":"saude-2","status":"publish","type":"page","link":"https:\/\/transparencia.cge.rj.gov.br\/transparencia\/saude-2\/","title":{"rendered":"Sa\u00fade"},"content":{"rendered":"<section id=\"saude\" class=\"pagpo-section\">\n  <div class=\"pagpo-container\">\n    <h5 class=\"pagpo-title\">Sa\u00fade<\/h5>\n    <p style=\"color: #010101\">\n      A sa\u00fade p\u00fablica \u00e9 um conjunto de a\u00e7\u00f5es organizadas pelo Estado com o objetivo de promover, proteger e recuperar a sa\u00fade da popula\u00e7\u00e3o. Ela envolve desde a preven\u00e7\u00e3o de doen\u00e7as at\u00e9 o acesso universal a servi\u00e7os de qualidade, buscando garantir o bem-estar coletivo e reduzir as desigualdades sociais. Fundamentada em princ\u00edpios como equidade, integralidade e participa\u00e7\u00e3o social, a sa\u00fade p\u00fablica \u00e9 essencial para o desenvolvimento sustent\u00e1vel e para a qualidade de vida de toda a sociedade.\n    <\/p>\n    <div class=\"pagpo-row\">\n      <div class=\"pagpo-col\">\n        <a class=\"pagpo-card-link\" href=\"https:\/\/www.rj.gov.br\/saude\/planoestadualdesaude\" target=\"_blank\" rel=\"noopener\">\n          <span>Plano Estadual de Sa\u00fade<\/span>\n        <\/a>\n      <\/div>\n      <div class=\"pagpo-col\">\n        <a class=\"pagpo-card-link\" href=\"https:\/\/www.rj.gov.br\/saude\/programacao-anual-de-saude\" target=\"_blank\" rel=\"noopener\">\n          <span>Programa\u00e7\u00e3o Anual de Sa\u00fade<\/span>\n        <\/a>\n      <\/div>\n      <div class=\"pagpo-col\">\n        <a class=\"pagpo-card-link\" href=\"https:\/\/www.rj.gov.br\/saude\/relatorioanual\" target=\"_blank\" rel=\"noopener\">\n          <span>Relat\u00f3rio Anual de Gest\u00e3o<\/span>\n        <\/a>\n      <\/div>\n      <div class=\"pagpo-col\">\n        <a class=\"pagpo-card-link\" href=\"https:\/\/www.rj.gov.br\/saude\/safie-lista-de-medicamentos\" target=\"_blank\" rel=\"noopener\">\n          <span>Lista de Medicamentos<\/span>\n        <\/a>\n      <\/div>\n      <div class=\"pagpo-col\">\n        <a class=\"pagpo-card-link\" href=\"https:\/\/www.rj.gov.br\/saude\/safie-como-ter-acesso-aos-medicamentos-especializados\" target=\"_blank\" rel=\"noopener\">\n          <span>Como Obter Medicamentos<\/span>\n        <\/a>\n      <\/div>\n      <div class=\"pagpo-col\">\n        <a class=\"pagpo-card-link\" href=\"https:\/\/painel.saude.rj.gov.br\/farmacia\/medicamentos.html\" target=\"_blank\" rel=\"noopener\">\n          <span>Estoques de medicamentos das farm\u00e1cias p\u00fablicas<\/span>\n        <\/a>\n      <\/div>\n      <div class=\"pagpo-col\">\n        <a class=\"pagpo-card-link\" href=\"https:\/\/www.saude.rj.gov.br\/rede-de-atendimento\">\n          <span>Rede de Atendimento<\/span>\n        <\/a>\n      <\/div>\n      <div class=\"pagpo-col\">\n        <a class=\"pagpo-card-link\" href=\"https:\/\/painel.saude.rj.gov.br\/usuario-do-sus\/usuario-do-sus.html#\">\n          <span>Lista de espera, consultas e exames<\/span>\n        <\/a>\n      <\/div>\n    <\/div>\n  <\/div>\n<\/section>","protected":false},"excerpt":{"rendered":"Sa\u00fade A sa\u00fade p\u00fablica \u00e9 um conjunto de a\u00e7\u00f5es organizadas pelo Estado com o objetivo de promover, proteger e recuperar a sa\u00fade da popula\u00e7\u00e3o. Ela envolve desde a preven\u00e7\u00e3o de [&hellip;]","protected":false},"author":1,"featured_media":0,"parent":0,"menu_order":0,"comment_status":"closed","ping_status":"closed","template":"","meta":{"footnotes":""},"class_list":["post-1300","page","type-page","status-publish","hentry"],"_links":{"self":[{"href":"https:\/\/transparencia.cge.rj.gov.br\/transparencia\/wp-json\/wp\/v2\/pages\/1300","targetHints":{"allow":["GET"]}}],"collection":[{"href":"https:\/\/transparencia.cge.rj.gov.br\/transparencia\/wp-json\/wp\/v2\/pages"}],"about":[{"href":"https:\/\/transparencia.cge.rj.gov.br\/transparencia\/wp-json\/wp\/v2\/types\/page"}],"author":[{"embeddable":true,"href":"https:\/\/transparencia.cge.rj.gov.br\/transparencia\/wp-json\/wp\/v2\/users\/1"}],"replies":[{"embeddable":true,"href":"https:\/\/transparencia.cge.rj.gov.br\/transparencia\/wp-json\/wp\/v2\/comments?post=1300"}],"version-history":[{"count":14,"href":"https:\/\/transparencia.cge.rj.gov.br\/transparencia\/wp-json\/wp\/v2\/pages\/1300\/revisions"}],"predecessor-version":[{"id":3140,"href":"https:\/\/transparencia.cge.rj.gov.br\/transparencia\/wp-json\/wp\/v2\/pages\/1300\/revisions\/3140"}],"wp:attachment":[{"href":"https:\/\/transparencia.cge.rj.gov.br\/transparencia\/wp-json\/wp\/v2\/media?parent=1300"}],"curies":[{"name":"wp","href":"https:\/\/api.w.org\/{rel}","templated":true}]}}