{"id":1305,"date":"2025-07-10T16:37:16","date_gmt":"2025-07-10T19:37:16","guid":{"rendered":"https:\/\/transparencia.cge.rj.gov.br\/?page_id=1305"},"modified":"2026-01-09T16:44:26","modified_gmt":"2026-01-09T19:44:26","slug":"educacao-2","status":"publish","type":"page","link":"https:\/\/transparencia.cge.rj.gov.br\/transparencia\/educacao-2\/","title":{"rendered":"Educa\u00e7\u00e3o"},"content":{"rendered":"<section id=\"educacao\" class=\"pagpo-section\">\n<div class=\"pagpo-container\">\n<h5 class=\"pagpo-title\">Educa\u00e7\u00e3o<\/h5>\n<p style=\"text-align: justify; color: #010101\">O Plano Estadual de Educa\u00e7\u00e3o \u00e9 um documento que estabelece as diretrizes, metas e estrat\u00e9gias para a educa\u00e7\u00e3o em determinado estado, visando garantir o acesso, a qualidade e a equidade na educa\u00e7\u00e3o p\u00fablica. Ele \u00e9 elaborado de forma participativa, envolvendo diversos setores da sociedade, e tem como objetivo orientar as pol\u00edticas educacionais e promover melhorias no sistema de ensino, buscando atender \u00e0s necessidades e demandas da popula\u00e7\u00e3o em rela\u00e7\u00e3o \u00e0 educa\u00e7\u00e3o.<\/p>\n<p style=\"text-align: justify; color: #010101\">O Plano Estadual de Educa\u00e7\u00e3o do Estado do Rio de Janeiro est\u00e1 em tramita\u00e7\u00e3o na Assembleia Legislativa, por meio do Projeto de Lei n\u00ba 5.944\/2022.<\/p>\n\n<div class=\"pagpo-row\">\n<div class=\"pagpo-col\"><a class=\"pagpo-card-link\" href=\"http:\/\/www3.alerj.rj.gov.br\/lotus_notes\/default.asp?id=144&amp;url=L3NjcHJvMTkyMy5uc2YvZTAwYTdjM2M4NjUyYjY5YTgzMjU2Y2NhMDA2NDZlZTUvNTMzMjVhNzMxMjRlYTYwNTAzMjU4ODQ1MDA2NGNiZDE\/T3BlbkRvY3VtZW50\" target=\"_blank\" rel=\"noopener\">Plano Estadual de Educa\u00e7\u00e3o\n<\/a><\/div>\n<\/div>\n<\/div>\n<\/section>","protected":false},"excerpt":{"rendered":"Educa\u00e7\u00e3o O Plano Estadual de Educa\u00e7\u00e3o \u00e9 um documento que estabelece as diretrizes, metas e estrat\u00e9gias para a educa\u00e7\u00e3o em determinado estado, visando garantir o acesso, a qualidade e a [&hellip;]","protected":false},"author":1,"featured_media":0,"parent":0,"menu_order":0,"comment_status":"closed","ping_status":"closed","template":"","meta":{"footnotes":""},"class_list":["post-1305","page","type-page","status-publish","hentry"],"_links":{"self":[{"href":"https:\/\/transparencia.cge.rj.gov.br\/transparencia\/wp-json\/wp\/v2\/pages\/1305","targetHints":{"allow":["GET"]}}],"collection":[{"href":"https:\/\/transparencia.cge.rj.gov.br\/transparencia\/wp-json\/wp\/v2\/pages"}],"about":[{"href":"https:\/\/transparencia.cge.rj.gov.br\/transparencia\/wp-json\/wp\/v2\/types\/page"}],"author":[{"embeddable":true,"href":"https:\/\/transparencia.cge.rj.gov.br\/transparencia\/wp-json\/wp\/v2\/users\/1"}],"replies":[{"embeddable":true,"href":"https:\/\/transparencia.cge.rj.gov.br\/transparencia\/wp-json\/wp\/v2\/comments?post=1305"}],"version-history":[{"count":10,"href":"https:\/\/transparencia.cge.rj.gov.br\/transparencia\/wp-json\/wp\/v2\/pages\/1305\/revisions"}],"predecessor-version":[{"id":3086,"href":"https:\/\/transparencia.cge.rj.gov.br\/transparencia\/wp-json\/wp\/v2\/pages\/1305\/revisions\/3086"}],"wp:attachment":[{"href":"https:\/\/transparencia.cge.rj.gov.br\/transparencia\/wp-json\/wp\/v2\/media?parent=1305"}],"curies":[{"name":"wp","href":"https:\/\/api.w.org\/{rel}","templated":true}]}}