{"id":1315,"date":"2025-07-11T08:40:42","date_gmt":"2025-07-11T11:40:42","guid":{"rendered":"https:\/\/transparencia.cge.rj.gov.br\/?page_id=1315"},"modified":"2026-04-30T12:30:06","modified_gmt":"2026-04-30T15:30:06","slug":"fundos-3","status":"publish","type":"page","link":"https:\/\/transparencia.cge.rj.gov.br\/transparencia\/fundos-3\/","title":{"rendered":"Fundo"},"content":{"rendered":"<section id=\"fundos\" class=\"pagpo-section\">\n  <div class=\"pagpo-container\">\n    <h5 class=\"pagpo-title\">Fundos<\/h5>\n    <p style=\"color: #010101\">\n      Esta se\u00e7\u00e3o apresenta informa\u00e7\u00f5es sobre os fundos p\u00fablicos especiais geridos pelo Estado do Rio de Janeiro, com destaque para o FACI \u2013 Fundo de Aprimoramento do Controle Interno. Est\u00e3o dispon\u00edveis dados sobre o or\u00e7amento previsto e a execu\u00e7\u00e3o dos recursos vinculados ao fundo, que s\u00e3o destinados ao fortalecimento das atividades de auditoria, correi\u00e7\u00e3o, ouvidoria e demais a\u00e7\u00f5es de controle interno.\n    <\/p>\n\n    <div class=\"pagpo-row\">\n      <div class=\"pagpo-col\">\n        <a class=\"pagpo-card-link\" href=\"\/aplicacao-do-faci\/\" rel=\"noopener\">\n          <span>FACI-RJ<\/span>\n        <\/a>\n      <\/div>\n    <\/div>\n  <\/div>\n<\/section>","protected":false},"excerpt":{"rendered":"Fundos Esta se\u00e7\u00e3o apresenta informa\u00e7\u00f5es sobre os fundos p\u00fablicos especiais geridos pelo Estado do Rio de Janeiro, com destaque para o FACI \u2013 Fundo de Aprimoramento do Controle Interno. Est\u00e3o [&hellip;]","protected":false},"author":1,"featured_media":0,"parent":0,"menu_order":0,"comment_status":"closed","ping_status":"closed","template":"","meta":{"footnotes":""},"class_list":["post-1315","page","type-page","status-publish","hentry"],"_links":{"self":[{"href":"https:\/\/transparencia.cge.rj.gov.br\/transparencia\/wp-json\/wp\/v2\/pages\/1315","targetHints":{"allow":["GET"]}}],"collection":[{"href":"https:\/\/transparencia.cge.rj.gov.br\/transparencia\/wp-json\/wp\/v2\/pages"}],"about":[{"href":"https:\/\/transparencia.cge.rj.gov.br\/transparencia\/wp-json\/wp\/v2\/types\/page"}],"author":[{"embeddable":true,"href":"https:\/\/transparencia.cge.rj.gov.br\/transparencia\/wp-json\/wp\/v2\/users\/1"}],"replies":[{"embeddable":true,"href":"https:\/\/transparencia.cge.rj.gov.br\/transparencia\/wp-json\/wp\/v2\/comments?post=1315"}],"version-history":[{"count":20,"href":"https:\/\/transparencia.cge.rj.gov.br\/transparencia\/wp-json\/wp\/v2\/pages\/1315\/revisions"}],"predecessor-version":[{"id":0,"href":"https:\/\/transparencia.cge.rj.gov.br\/transparencia\/wp-json\/wp\/v2\/pages\/1315\/revisions\/0"}],"wp:attachment":[{"href":"https:\/\/transparencia.cge.rj.gov.br\/transparencia\/wp-json\/wp\/v2\/media?parent=1315"}],"curies":[{"name":"wp","href":"https:\/\/api.w.org\/{rel}","templated":true}]}}