{"id":1365,"date":"2025-07-11T10:54:40","date_gmt":"2025-07-11T13:54:40","guid":{"rendered":"https:\/\/transparencia.cge.rj.gov.br\/?page_id=1365"},"modified":"2025-12-03T14:43:24","modified_gmt":"2025-12-03T17:43:24","slug":"diarias","status":"publish","type":"page","link":"https:\/\/transparencia.cge.rj.gov.br\/transparencia\/recursos-humanos\/diarias\/","title":{"rendered":"Di\u00e1rias"},"content":{"rendered":"<div class=\"containerPaginas\">\n<h5 class=\"titulo\">Despesas com Di\u00e1rias<\/h5>\n<p style=\"text-align: justify;\">As despesas com di\u00e1rias s\u00e3o um aux\u00edlio pecuni\u00e1rio concedido a t\u00edtulo de indeniza\u00e7\u00e3o pelas despesas com alimenta\u00e7\u00e3o, hospedagem e deslocamento da respectiva sede para outro ponto do territ\u00f3rio nacional ou para o exterior, conforme disposto em legisla\u00e7\u00e3o.<\/p>\n<p style=\"text-align: justify;\">A concess\u00e3o de di\u00e1rias e traslados conferidos a servidores p\u00fablicos civis, empregados p\u00fablicos e contratados tempor\u00e1rios, nos casos de viagens a servi\u00e7o e de relevante interesse p\u00fablico, est\u00e1 regulamentada, no estado do Rio de Janeiro, atrav\u00e9s do\u00a0<span style=\"white-space: nowrap;\"><a href=\"https:\/\/leisestaduais.com.br\/rj\/decreto-n-46611-2019-rio-de-janeiro-altera-dispositivos-do-decreto-46611-de-15-de-marco-de-2019-e-da-outras\" target=\"_blank\" rel=\"noopener noreferrer\"> Decreto Estadual n\u00ba 46.611\/2019<\/a>, alterado pelo\u00a0<a href=\"https:\/\/leisestaduais.com.br\/rj\/decreto-n-47961-2022-rio-de-janeiro-altera-dispositivos-do-decreto-46-611-de-15-de-marco-de-2019-e-da-outras\" target=\"_blank\" rel=\"noopener noreferrer\"> Decreto Estadual n\u00ba 47.961\/2022 <\/a>\u00a0<\/span>(<strong>vers\u00e3o mais recente em vigor<\/strong>).<\/p>\n<p style=\"text-align: left;\"><a href=\"https:\/\/www.rj.gov.br\/transparencia\/sites\/default\/files\/arquivos_paginas\/Dicion%C3%A1rio.pdf\" target=\"_blank\" rel=\"noopener noreferrer\">Dicion\u00e1rio<\/a><\/p>\n<\/div>\n<div style=\"position: relative; width: 100vw; left: 50%; right: 50%; margin-left: -50vw; margin-right: -50vw;\">\n  <iframe style=\"width: 100%; height: 3700px; border: none; display: block;\" \n          src=\"https:\/\/dashboards.cge.rj.gov.br\/relatorio-gasto-com-diarias\/\">\n  <\/iframe>\n<\/div>","protected":false},"excerpt":{"rendered":"Despesas com Di\u00e1rias As despesas com di\u00e1rias s\u00e3o um aux\u00edlio pecuni\u00e1rio concedido a t\u00edtulo de indeniza\u00e7\u00e3o pelas despesas com alimenta\u00e7\u00e3o, hospedagem e deslocamento da respectiva sede para outro ponto do [&hellip;]","protected":false},"author":1,"featured_media":0,"parent":1288,"menu_order":0,"comment_status":"closed","ping_status":"closed","template":"","meta":{"footnotes":""},"class_list":["post-1365","page","type-page","status-publish","hentry"],"_links":{"self":[{"href":"https:\/\/transparencia.cge.rj.gov.br\/transparencia\/wp-json\/wp\/v2\/pages\/1365","targetHints":{"allow":["GET"]}}],"collection":[{"href":"https:\/\/transparencia.cge.rj.gov.br\/transparencia\/wp-json\/wp\/v2\/pages"}],"about":[{"href":"https:\/\/transparencia.cge.rj.gov.br\/transparencia\/wp-json\/wp\/v2\/types\/page"}],"author":[{"embeddable":true,"href":"https:\/\/transparencia.cge.rj.gov.br\/transparencia\/wp-json\/wp\/v2\/users\/1"}],"replies":[{"embeddable":true,"href":"https:\/\/transparencia.cge.rj.gov.br\/transparencia\/wp-json\/wp\/v2\/comments?post=1365"}],"version-history":[{"count":36,"href":"https:\/\/transparencia.cge.rj.gov.br\/transparencia\/wp-json\/wp\/v2\/pages\/1365\/revisions"}],"predecessor-version":[{"id":3024,"href":"https:\/\/transparencia.cge.rj.gov.br\/transparencia\/wp-json\/wp\/v2\/pages\/1365\/revisions\/3024"}],"up":[{"embeddable":true,"href":"https:\/\/transparencia.cge.rj.gov.br\/transparencia\/wp-json\/wp\/v2\/pages\/1288"}],"wp:attachment":[{"href":"https:\/\/transparencia.cge.rj.gov.br\/transparencia\/wp-json\/wp\/v2\/media?parent=1365"}],"curies":[{"name":"wp","href":"https:\/\/api.w.org\/{rel}","templated":true}]}}