{"id":1775,"date":"2025-07-28T10:08:03","date_gmt":"2025-07-28T13:08:03","guid":{"rendered":"https:\/\/transparencia.cge.rj.gov.br\/?page_id=1775"},"modified":"2026-04-08T11:20:39","modified_gmt":"2026-04-08T14:20:39","slug":"ranking-de-transparencia-dos-orgaos-e-entidades","status":"publish","type":"page","link":"https:\/\/transparencia.cge.rj.gov.br\/transparencia\/ranking_transparencia\/ranking-de-transparencia-dos-orgaos-e-entidades\/","title":{"rendered":"Ranking de Transpar\u00eancia dos \u00d3rg\u00e3os e Entidades"},"content":{"rendered":"<div class=\"classificacao-container\">\n    <h2 style=\"text-align: center; font-size: 28px; color: #052852; margin-bottom: 30px;\">Ranking de Transpar\u00eancia dos \u00d3rg\u00e3os e Entidades<\/h2>\n\n    <h3 style=\"font-size: 21px; margin-bottom: 20px; text-align: center; color: #052852;\">2023<\/h3>\n    <div class=\"pagpo-row\">\n        <div class=\"pagpo-col\">\n            <a class=\"pagpo-card-link\" href=\"\/transparencia\/wp-content\/themes\/Transparencia_Dev\/arquivos\/Resolu\u00e7\u00e3o%20CGE%20236.pdf\" target=\"_blank\" rel=\"noopener\">\n                Resolu\u00e7\u00e3o CGE n\u00ba 236, de 18 de setembro de 2023\n            <\/a>\n        <\/div>\n        <\/div>\n\n    <h3 style=\"font-size: 21px; margin-bottom: 20px; margin-top: 40px; text-align: center; color: #052852;\">2022<\/h3>\n    <div class=\"pagpo-row\">\n        <div class=\"pagpo-col\">\n            <a class=\"pagpo-card-link\" href=\"https:\/\/cge.rj.gov.br\/ranking-da-transparencia\/\" target=\"_blank\" rel=\"noopener\">\n                Ranking de Transpar\u00eancia 2022\n            <\/a>\n        <\/div>\n    <\/div>\n\n    <h3 style=\"font-size: 21px; margin-bottom: 20px; margin-top: 40px; text-align: center; color: #052852;\">2020<\/h3>\n    <div class=\"pagpo-row\">\n        <div class=\"pagpo-col\">\n            <a class=\"pagpo-card-link\" href=\"\/transparencia\/wp-content\/themes\/Transparencia_Dev\/arquivos\/Instru\u00e7\u00e3o%20Normativa%20CGE%20OGE%20n\u00ba%2001%20Ranking%20de%20Transpar\u00eancia%20Ativa%202020.pdf\" target=\"_blank\" rel=\"noopener\">\n                Instru\u00e7\u00e3o Normativa CGE OGE n\u00ba 01 (2020)\n            <\/a>\n        <\/div>\n        <div class=\"pagpo-col\">\n            <a class=\"pagpo-card-link\" href=\"\/transparencia\/wp-content\/themes\/Transparencia_Dev\/arquivos\/Relat\u00f3rio-Ranking-da-Transpar\u00eancia-Ativa-OGE-RJ-2020.pdf\" target=\"_blank\" rel=\"noopener\">\n                Relat\u00f3rio do Ranking de Transpar\u00eancia Ativa 2020\n            <\/a>\n        <\/div>\n        <div class=\"pagpo-col\">\n            <a class=\"pagpo-card-link\" href=\"\/transparencia\/wp-content\/themes\/Transparencia_Dev\/arquivos\/Retifica\u00e7\u00e3o-da-Classifica\u00e7\u00e3o-do-Ranking-de-Transpar\u00eancia-Ativa%202020_0.pdf\" target=\"_blank\" rel=\"noopener\">\n                Retifica\u00e7\u00e3o da Classifica\u00e7\u00e3o 2020\n            <\/a>\n        <\/div>\n    <\/div>\n<\/div>","protected":false},"excerpt":{"rendered":"Ranking de Transpar\u00eancia dos \u00d3rg\u00e3os e Entidades 2023 Resolu\u00e7\u00e3o CGE n\u00ba 236, de 18 de setembro de 2023 2022 Ranking de Transpar\u00eancia 2022 2020 Instru\u00e7\u00e3o Normativa CGE OGE n\u00ba 01 [&hellip;]","protected":false},"author":1,"featured_media":0,"parent":938,"menu_order":0,"comment_status":"closed","ping_status":"closed","template":"","meta":{"footnotes":""},"class_list":["post-1775","page","type-page","status-publish","hentry"],"_links":{"self":[{"href":"https:\/\/transparencia.cge.rj.gov.br\/transparencia\/wp-json\/wp\/v2\/pages\/1775","targetHints":{"allow":["GET"]}}],"collection":[{"href":"https:\/\/transparencia.cge.rj.gov.br\/transparencia\/wp-json\/wp\/v2\/pages"}],"about":[{"href":"https:\/\/transparencia.cge.rj.gov.br\/transparencia\/wp-json\/wp\/v2\/types\/page"}],"author":[{"embeddable":true,"href":"https:\/\/transparencia.cge.rj.gov.br\/transparencia\/wp-json\/wp\/v2\/users\/1"}],"replies":[{"embeddable":true,"href":"https:\/\/transparencia.cge.rj.gov.br\/transparencia\/wp-json\/wp\/v2\/comments?post=1775"}],"version-history":[{"count":33,"href":"https:\/\/transparencia.cge.rj.gov.br\/transparencia\/wp-json\/wp\/v2\/pages\/1775\/revisions"}],"predecessor-version":[{"id":3207,"href":"https:\/\/transparencia.cge.rj.gov.br\/transparencia\/wp-json\/wp\/v2\/pages\/1775\/revisions\/3207"}],"up":[{"embeddable":true,"href":"https:\/\/transparencia.cge.rj.gov.br\/transparencia\/wp-json\/wp\/v2\/pages\/938"}],"wp:attachment":[{"href":"https:\/\/transparencia.cge.rj.gov.br\/transparencia\/wp-json\/wp\/v2\/media?parent=1775"}],"curies":[{"name":"wp","href":"https:\/\/api.w.org\/{rel}","templated":true}]}}