{"id":189,"date":"2025-06-10T12:11:57","date_gmt":"2025-06-10T15:11:57","guid":{"rendered":"http:\/\/10.11.82.79:3080\/?page_id=189"},"modified":"2026-04-30T12:51:25","modified_gmt":"2026-04-30T15:51:25","slug":"relatorio-beneficio-cidadao","status":"publish","type":"page","link":"https:\/\/transparencia.cge.rj.gov.br\/transparencia\/incentivos-concedidos\/relatorio-beneficio-cidadao\/","title":{"rendered":"relat\u00f3rio benef\u00edcio cidad\u00e3o"},"content":{"rendered":"<section class=\"pagpo-section\">\n<div class=\"pagpo-container\">\n<h5 class=\"pagpo-title\">Benef\u00edcios ao Cidad\u00e3o<\/h5>\n<p style=\"color: #010101;\">O FEMPO tem o objetivo de fomentar a economia do Estado, por meio de financiamento orientado a micro e pequenos empreendimentos produtivos, inclusive pequenos produtores agr\u00edcolas, artes\u00e3os e m\u00fasicos, em comunidades pacificadas ou n\u00e3o, considerados relevantes para o desenvolvimento sustent\u00e1vel do Estado. Para maiores informa\u00e7\u00f5es <a href=\"https:\/\/www.agerio.com.br\/relatorio-fempo\/\" target=\"_blank\" rel=\"noopener\">clique aqui<\/a>.\n\n<\/br>\n<\/br>\n<strong>Aux\u00edlio Financeiro \u00e0 Pessoa F\u00edsica:<\/strong> Programa Bolsa Atleta; Bolsa-Aux\u00edlio por Dedica\u00e7\u00e3o Exclusiva; Aluguel Social; Programa Renda Melhor; Programa Renda Melhor Jovem; Tratamento Fora de Domic\u00edlio; Projetos Culturais, Legisla\u00e7\u00e3o Espec\u00edfica e Outros Aux\u00edlios.\nAs planilhas s\u00e3o disponibilizadas mensalmente, contendo os valores acumulados ao longo do ano correspondente.\n<div class=\"containerPaginas\"><\/div>\n<div class=\"meu-acordeao\">\n<div class=\"acordeao-item\"><button class=\"acordeao-header\">Dados por Ano<\/button>\n<div class=\"acordeao-content\">\n<ul>\n \t<li>2025<a href=\"\/transparencia\/wp-content\/uploads\/2025\/10\/Beneficios-ao-Cidadao-2025-09.pdf\"> pdf <\/a><a href=\"\/transparencia\/wp-content\/uploads\/2025\/10\/Beneficios-ao-Cidadao-2025-09.xls\"> xls <\/a><a href=\"\/transparencia\/wp-content\/uploads\/2025\/10\/Beneficios-ao-Cidadao-2025-09.csv\"> csv <\/a><\/li>\n \t<li>2024<a href=\"\/transparencia\/wp-content\/uploads\/2025\/10\/Beneficios-ao-Cidadao-2024-12.pdf\"> pdf <\/a><a href=\"\/transparencia\/wp-content\/uploads\/2025\/10\/Beneficios-ao-Cidadao-2024-12.xls\"> xls <\/a><a href=\"\/transparencia\/wp-content\/uploads\/2025\/10\/Beneficios-ao-Cidadao-2024-12.csv\"> csv <\/a><\/li>\n \t<li>2023<a href=\"\/transparencia\/wp-content\/uploads\/2025\/10\/Beneficios-ao-Cidadao-2023.pdf\"> pdf <\/a><a href=\"\/transparencia\/wp-content\/uploads\/2025\/10\/Beneficios-ao-Cidadao-2023.xls\"> xls <\/a><a href=\"\/transparencia\/wp-content\/uploads\/2025\/10\/Beneficios-ao-Cidadao-2023.csv\"> csv <\/a><\/li>\n \t<li>2022<a href=\"\/transparencia\/wp-content\/uploads\/2025\/10\/Beneficios-ao-Cidadao-2022.pdf\"> pdf <\/a><a href=\"\/transparencia\/wp-content\/uploads\/2025\/10\/Beneficios-ao-Cidadao-2022.xls\"> xls <\/a><a href=\"\/transparencia\/wp-content\/uploads\/2025\/10\/Beneficios-ao-Cidadao-2022.csv\"> csv <\/a><\/li>\n \t<li>2021<a href=\"\/transparencia\/wp-content\/uploads\/2025\/10\/Beneficios-ao-Cidadao-2021-1.pdf\"> pdf <\/a><a href=\"\/transparencia\/wp-content\/uploads\/2025\/10\/Beneficios-ao-Cidadao-2021-1.xls\"> xls <\/a><a href=\"\/transparencia\/wp-content\/uploads\/2025\/10\/Beneficios-ao-Cidadao-2021-1.csv\"> csv <\/a><\/li>\n \t<li>2020<a href=\"\/transparencia\/wp-content\/uploads\/2025\/10\/Beneficios-ao-Cidadao-2020-1.pdf\"> pdf <\/a><a href=\"\/transparencia\/wp-content\/uploads\/2025\/10\/Beneficios-ao-Cidadao-2020-1.xls\"> xls <\/a><a href=\"\/transparencia\/wp-content\/uploads\/2025\/10\/Beneficios-ao-Cidadao-2020-1.csv\"> csv <\/a><\/li>\n \t<li>2019<a href=\"\/transparencia\/wp-content\/uploads\/2025\/10\/Beneficios-ao-Cidadao-2019-1.pdf\"> pdf <\/a><a href=\"\/transparencia\/wp-content\/uploads\/2025\/10\/Beneficios-ao-Cidadao-2019-1.xls\"> xls <\/a><a href=\"\/transparencia\/wp-content\/uploads\/2025\/10\/Beneficios-ao-Cidadao-2019-1.csv\"> csv <\/a><\/li>\n \t<li>2018<a href=\"\/transparencia\/wp-content\/uploads\/2025\/10\/Beneficios-ao-Cidadao-2018-1.pdf\"> pdf <\/a><a href=\"\/transparencia\/wp-content\/uploads\/2025\/10\/Beneficios-ao-Cidadao-2018-1.xls\"> xls <\/a><a href=\"\/transparencia\/wp-content\/uploads\/2025\/10\/Beneficios-ao-Cidadao-2018-1.csv\"> csv <\/a><\/li>\n \t<li>2017<a href=\"\/transparencia\/wp-content\/uploads\/2025\/10\/Beneficios-ao-Cidadao-2017-1.pdf\"> pdf <\/a><a href=\"\/transparencia\/wp-content\/uploads\/2025\/10\/Beneficios-ao-Cidadao-2017-1.xls\"> xls <\/a><a href=\"\/transparencia\/wp-content\/uploads\/2025\/10\/Beneficios-ao-Cidadao-2017-1.csv\"> csv <\/a><\/li>\n \t<li>2016<a href=\"\/transparencia\/wp-content\/uploads\/2025\/10\/Beneficios-ao-Cidadao-2016-1.pdf\"> pdf <\/a><a href=\"\/transparencia\/wp-content\/uploads\/2025\/10\/Beneficios-ao-Cidadao-2016-1.xls\"> xls <\/a><a href=\"\/transparencia\/wp-content\/uploads\/2025\/10\/Beneficios-ao-Cidadao-2016-1.csv\"> csv <\/a><\/li>\n<\/ul>\n<\/div>\n<\/div>\n<\/div>\n<div style=\"position: relative; width: 100vw; left: 50%; right: 50%; margin-left: -50vw; margin-right: -50vw;\"><iframe style=\"width: 100%; height: 4360px; border: none; display: block;\" src=\"https:\/\/dashboards.cge.rj.gov.br\/relatorio-beneficio-ao-cidadao\/\">\n<\/iframe><\/div>\n<\/section>","protected":false},"excerpt":{"rendered":"Benef\u00edcios ao Cidad\u00e3o O FEMPO tem o objetivo de fomentar a economia do Estado, por meio de financiamento orientado a micro e pequenos empreendimentos produtivos, inclusive pequenos produtores agr\u00edcolas, artes\u00e3os [&hellip;]","protected":false},"author":1,"featured_media":0,"parent":1273,"menu_order":0,"comment_status":"closed","ping_status":"closed","template":"","meta":{"footnotes":""},"class_list":["post-189","page","type-page","status-publish","hentry"],"_links":{"self":[{"href":"https:\/\/transparencia.cge.rj.gov.br\/transparencia\/wp-json\/wp\/v2\/pages\/189","targetHints":{"allow":["GET"]}}],"collection":[{"href":"https:\/\/transparencia.cge.rj.gov.br\/transparencia\/wp-json\/wp\/v2\/pages"}],"about":[{"href":"https:\/\/transparencia.cge.rj.gov.br\/transparencia\/wp-json\/wp\/v2\/types\/page"}],"author":[{"embeddable":true,"href":"https:\/\/transparencia.cge.rj.gov.br\/transparencia\/wp-json\/wp\/v2\/users\/1"}],"replies":[{"embeddable":true,"href":"https:\/\/transparencia.cge.rj.gov.br\/transparencia\/wp-json\/wp\/v2\/comments?post=189"}],"version-history":[{"count":31,"href":"https:\/\/transparencia.cge.rj.gov.br\/transparencia\/wp-json\/wp\/v2\/pages\/189\/revisions"}],"predecessor-version":[{"id":3152,"href":"https:\/\/transparencia.cge.rj.gov.br\/transparencia\/wp-json\/wp\/v2\/pages\/189\/revisions\/3152"}],"up":[{"embeddable":true,"href":"https:\/\/transparencia.cge.rj.gov.br\/transparencia\/wp-json\/wp\/v2\/pages\/1273"}],"wp:attachment":[{"href":"https:\/\/transparencia.cge.rj.gov.br\/transparencia\/wp-json\/wp\/v2\/media?parent=189"}],"curies":[{"name":"wp","href":"https:\/\/api.w.org\/{rel}","templated":true}]}}