{"id":429,"date":"2025-06-17T20:06:51","date_gmt":"2025-06-17T23:06:51","guid":{"rendered":"http:\/\/10.11.82.79:3080\/?page_id=429"},"modified":"2026-01-14T11:22:47","modified_gmt":"2026-01-14T14:22:47","slug":"legislacao","status":"publish","type":"page","link":"https:\/\/transparencia.cge.rj.gov.br\/transparencia\/legislacao\/","title":{"rendered":"Legisla\u00e7\u00e3o"},"content":{"rendered":"<section class=\"pagpo-section\">\n<div class=\"legislacao-container\">\n<h2 class=\"legislacao-titulo\">Legisla\u00e7\u00e3o<\/h2>\n<section class=\"normas\">\n<ul class=\"cards\">\n<li class=\"card\">\n<a class=\"card__link\" href=\"\/transparencia\/wp-content\/themes\/Transparencia_Dev\/arquivos\/Lei%20Federal%20n\u00ba%2012.527%20Regula%20o%20Acesso%20a%20Informa\u00e7\u00e3o.pdf\" target=\"_blank\" rel=\"noopener\"><div class=\"card__icon\"><img decoding=\"async\" src=\"https:\/\/cge.rj.gov.br\/wp-content\/uploads\/2025\/08\/pdf.png\" alt=\"\">\n<\/div>\n<div class=\"card__body\">\n<h3 class=\"card__title\">Lei Federal 12.527\/2011<\/h3>\n<span class=\"card__desc\">Regula o acesso a informa\u00e7\u00f5es previsto no inciso XXXIII do art. 5\u00ba, no inciso II do \u00a7 3\u00ba do art. 37 e no \u00a7 2\u00ba do art. 216 da Constitui\u00e7\u00e3o Federal; altera a Lei n\u00ba 8.112, de 11 de dezembro de 1990; revoga a Lei n\u00ba 11.111, de 5 de maio de 2005, e dispositivos da Lei n\u00ba 8.159, de 8 de janeiro de 1991; e d\u00e1 outras provid\u00eancias.<\/span>\n<\/div><\/a><\/li>\n<li class=\"card\">\n<a class=\"card__link\" href=\"\/transparencia\/wp-content\/themes\/Transparencia_Dev\/arquivos\/Lei%20Federal%20Complementar%20n\u00ba%20101%20Responsabilidade%20Fiscal.pdf\" target=\"_blank\" rel=\"noopener\">\n<div class=\"card__icon\"><img decoding=\"async\" src=\"https:\/\/cge.rj.gov.br\/wp-content\/uploads\/2025\/08\/pdf.png\" alt=\"\"><\/div>\n<div class=\"card__body\">\n<h3 class=\"card__title\">Lei Complementar 101\/2000<\/h3>\n<span class=\"card__desc\">Estabelece normas de finan\u00e7as p\u00fablicas voltadas para a responsabilidade na gest\u00e3o fiscal e d\u00e1 outras provid\u00eancias.<\/span>\n<\/div>\n<\/a>\n<\/li>\n<li class=\"card\">\n<a class=\"card__link\" href=\"\/transparencia\/wp-content\/themes\/Transparencia_Dev\/arquivos\/Decreto%20Estadual%20n\u00ba%2046.475%20Acesso%20\u00e0%20Informa\u00e7\u00e3o%20DOERJ.pdf\" target=\"_blank\" rel=\"noopener\">\n<div class=\"card__icon\"><img decoding=\"async\" src=\"https:\/\/cge.rj.gov.br\/wp-content\/uploads\/2025\/08\/pdf.png\" alt=\"\"><\/div>\n<div class=\"card__body\">\n<h3 class=\"card__title\">Decreto Estadual 46.475\/2018<\/h3>\n<span class=\"card__desc\">Disp\u00f5e sobre o acesso a informa\u00e7\u00f5es previsto no inciso XXXIII, do caput do art. 5\u00b0, no inciso II, do \u00a7 3\u00b0 do art. 37, e no \u00a7 2\u00b0, do art. 216, todos da Constitui\u00e7\u00e3o da Rep\u00fablica, e d\u00e1 outras provid\u00eancias.<\/span>\n<\/div>\n<\/a>\n<\/li>\n<\/ul>\n<\/section>\n<br\/><br\/>\n<div class=\"pagpo-row\">\n<div class=\"pagpo-col\"><a class=\"pagpo-card-link\" href=\"https:\/\/leisestaduais.com.br\/rj?origin=instituicao\" target=\"_blank\" rel=\"noopener\">Atos do Executivo\n<\/a><\/div>\n<div class=\"pagpo-col\"><a class=\"pagpo-card-link\" href=\"https:\/\/www.alerj.rj.gov.br\/\" target=\"_blank\" rel=\"noopener\">Processos Legislativos\n<\/a><\/div>\n<\/div>\n<\/section>\n","protected":false},"excerpt":{"rendered":"Legisla\u00e7\u00e3o Lei Federal 12.527\/2011 Regula o acesso a informa\u00e7\u00f5es previsto no inciso XXXIII do art. 5\u00ba, no inciso II do \u00a7 3\u00ba do art. 37 e no \u00a7 2\u00ba do [&hellip;]","protected":false},"author":1,"featured_media":0,"parent":0,"menu_order":0,"comment_status":"closed","ping_status":"closed","template":"","meta":{"footnotes":""},"class_list":["post-429","page","type-page","status-publish","hentry"],"_links":{"self":[{"href":"https:\/\/transparencia.cge.rj.gov.br\/transparencia\/wp-json\/wp\/v2\/pages\/429","targetHints":{"allow":["GET"]}}],"collection":[{"href":"https:\/\/transparencia.cge.rj.gov.br\/transparencia\/wp-json\/wp\/v2\/pages"}],"about":[{"href":"https:\/\/transparencia.cge.rj.gov.br\/transparencia\/wp-json\/wp\/v2\/types\/page"}],"author":[{"embeddable":true,"href":"https:\/\/transparencia.cge.rj.gov.br\/transparencia\/wp-json\/wp\/v2\/users\/1"}],"replies":[{"embeddable":true,"href":"https:\/\/transparencia.cge.rj.gov.br\/transparencia\/wp-json\/wp\/v2\/comments?post=429"}],"version-history":[{"count":20,"href":"https:\/\/transparencia.cge.rj.gov.br\/transparencia\/wp-json\/wp\/v2\/pages\/429\/revisions"}],"predecessor-version":[{"id":3141,"href":"https:\/\/transparencia.cge.rj.gov.br\/transparencia\/wp-json\/wp\/v2\/pages\/429\/revisions\/3141"}],"wp:attachment":[{"href":"https:\/\/transparencia.cge.rj.gov.br\/transparencia\/wp-json\/wp\/v2\/media?parent=429"}],"curies":[{"name":"wp","href":"https:\/\/api.w.org\/{rel}","templated":true}]}}