{"id":455,"date":"2025-06-17T10:13:09","date_gmt":"2025-06-17T13:13:09","guid":{"rendered":"http:\/\/10.11.82.79:3080\/?page_id=455"},"modified":"2026-01-22T16:13:18","modified_gmt":"2026-01-22T19:13:18","slug":"relatorio-locacao-imoveis","status":"publish","type":"page","link":"https:\/\/transparencia.cge.rj.gov.br\/transparencia\/despesas\/relatorio-locacao-imoveis\/","title":{"rendered":"loca\u00e7\u00e3o im\u00f3veis"},"content":{"rendered":"<section class=\"pagpo-section\">\n<div class=\"pagpo-container\">\n<h5 class=\"pagpo-title\">Loca\u00e7\u00e3o de Im\u00f3veis<\/h5>\n<p style=\"color: #010101;\">O item abrange as despesas com loca\u00e7\u00e3o de im\u00f3veis particulares pelo Poder P\u00fablico Estadual. Conforme a <a href=\"\/transparencia\/wp-content\/uploads\/2025\/10\/Lei-Estadual-no-8.330-Obrigatoriedade-Divulgacao-Locacao-de-Imoveis.pdf\">Lei Estadual n\u00ba 8.330 de 29 de mar\u00e7o de 2019<\/a>, \u00e9 obrigat\u00f3ria a sua divulga\u00e7\u00e3o.\n<\/br>\n* As planilhas s\u00e3o disponibilizadas mensalmente, contendo os valores acumulados ao longo do ano correspondente.<\/p>\n\n<div class=\"containerPaginas\" style=\"padding-bottom: 0px;\">\n<div class=\"meu-acordeao\">\n<div class=\"acordeao-item\"><button class=\"acordeao-header\">Dados por Ano<\/button>\n<div class=\"acordeao-content\">\n<ul>\n \t<li>2025 <a href=\"\/transparencia\/wp-content\/uploads\/2025\/10\/Locacao-de-Imoveis-2025-09.pdf\">pdf<\/a> <a href=\"\/transparencia\/wp-content\/uploads\/2025\/10\/Locacao-de-Imoveis-2025-09.xls\"> xls <\/a> <a href=\"\/transparencia\/wp-content\/uploads\/2025\/10\/Locacao-de-Imoveis-2025-09.csv\">csv<\/a><\/li>\n \t<li>2024<a href=\"\/transparencia\/wp-content\/uploads\/2025\/10\/Locacao-de-Imoveis-2024-12.pdf\"> pdf <\/a><a href=\"\/transparencia\/wp-content\/uploads\/2025\/10\/Locacao-de-Imoveis-2024-12.xls\"> xls <\/a><a href=\"\/transparencia\/wp-content\/uploads\/2025\/10\/Locacao-de-Imoveis-2024-12.csv\"> csv <\/a><\/li>\n \t<li>2023<a href=\"\/transparencia\/wp-content\/uploads\/2025\/10\/Locacao-de-Imoveis-2023.pdf\"> pdf <\/a><a href=\"\/transparencia\/wp-content\/uploads\/2025\/10\/Locacao-de-Imoveis-2023.xls\"> xls <\/a><a href=\"\/transparencia\/wp-content\/uploads\/2025\/10\/Locacao-de-Imoveis-2023.csv\"> csv <\/a><\/li>\n \t<li>2022<a href=\"\/transparencia\/wp-content\/uploads\/2025\/10\/Locacao-de-Imoveis-2022.pdf\"> pdf <\/a><a href=\"\/transparencia\/wp-content\/uploads\/2025\/10\/Locacao-de-Imoveis-2022.xls\"> xls <\/a><a href=\"\/transparencia\/wp-content\/uploads\/2025\/10\/Locacao-de-Imoveis-2022.csv\"> csv <\/a><\/li>\n \t<li>2021 <a href=\"\/transparencia\/wp-content\/uploads\/2025\/10\/Locacao-de-Imoveis-2021.pdf\">pdf<\/a> <a href=\"\/transparencia\/wp-content\/uploads\/2025\/10\/Locacao-de-Imoveis-2021.xls\"> xls <\/a><a href=\"\/transparencia\/wp-content\/uploads\/2025\/10\/Locacao-de-Imoveis-2021.csv\"> csv <\/a><\/li>\n \t<li>2020<a href=\"\/transparencia\/wp-content\/uploads\/2025\/10\/Locacao-de-Imoveis-2020.pdf\"> pdf <\/a><a href=\"\/transparencia\/wp-content\/uploads\/2025\/10\/Locacao-de-Imoveis-2020.xls\"> xls <\/a><a href=\"\/transparencia\/wp-content\/uploads\/2025\/10\/Locacao-de-Imoveis-2020.csv\"> csv <\/a><\/li>\n \t<li>2019 <a href=\"\/transparencia\/wp-content\/uploads\/2025\/10\/Locacao-de-Imoveis-2019.pdf\">pdf<\/a> <a href=\"\/transparencia\/wp-content\/uploads\/2025\/10\/Locacao-de-Imoveis-2019.xls\"> xls <\/a><a href=\"\/transparencia\/wp-content\/uploads\/2025\/10\/Locacao-de-Imoveis-2019.csv\"> csv <\/a><\/li>\n \t<li>2018<a href=\"\/transparencia\/wp-content\/uploads\/2025\/10\/Locacao-de-Imoveis-2018.pdf\"> pdf <\/a><a href=\"\/transparencia\/wp-content\/uploads\/2025\/10\/Locacao-de-Imoveis-2018.xls\"> xls <\/a><a href=\"\/transparencia\/wp-content\/uploads\/2025\/10\/Locacao-de-Imoveis-2018.csv\"> csv <\/a><\/li>\n \t<li>2017<a href=\"\/transparencia\/wp-content\/uploads\/2025\/10\/Locacao-de-Imoveis-2017.pdf\"> pdf <\/a><a href=\"\/transparencia\/wp-content\/uploads\/2025\/10\/Locacao-de-Imoveis-2017.xls\"> xls <\/a><a href=\"\/transparencia\/wp-content\/uploads\/2025\/10\/Locacao-de-Imoveis-2017.csv\"> csv <\/a><\/li>\n \t<li>2016<a href=\"\/transparencia\/wp-content\/uploads\/2025\/10\/Locacao-de-Imoveis-2016.pdf\"> pdf <\/a><a href=\"\/transparencia\/wp-content\/uploads\/2025\/10\/Locacao-de-Imoveis-2016.xls\"> xls <\/a><a href=\"\/transparencia\/wp-content\/uploads\/2025\/10\/Locacao-de-Imoveis-2016.csv\"> csv<\/a><\/li>\n<\/ul>\n<\/div>\n<\/div>\n<\/div>\n<\/div>\n<div style=\"position: relative; width: 100vw; left: 50%; right: 50%; margin-left: -50vw; margin-right: -50vw;\"><iframe style=\"width: 100%; height: 4360px; border: none; display: block;\" src=\"https:\/\/dashboards.cge.rj.gov.br\/relatorio-locacao-de-imoveis\/\">\n<\/iframe><\/div>\n<\/section>","protected":false},"excerpt":{"rendered":"Loca\u00e7\u00e3o de Im\u00f3veis O item abrange as despesas com loca\u00e7\u00e3o de im\u00f3veis particulares pelo Poder P\u00fablico Estadual. Conforme a Lei Estadual n\u00ba 8.330 de 29 de mar\u00e7o de 2019, \u00e9 [&hellip;]","protected":false},"author":1,"featured_media":0,"parent":1281,"menu_order":0,"comment_status":"closed","ping_status":"closed","template":"","meta":{"footnotes":""},"class_list":["post-455","page","type-page","status-publish","hentry"],"_links":{"self":[{"href":"https:\/\/transparencia.cge.rj.gov.br\/transparencia\/wp-json\/wp\/v2\/pages\/455","targetHints":{"allow":["GET"]}}],"collection":[{"href":"https:\/\/transparencia.cge.rj.gov.br\/transparencia\/wp-json\/wp\/v2\/pages"}],"about":[{"href":"https:\/\/transparencia.cge.rj.gov.br\/transparencia\/wp-json\/wp\/v2\/types\/page"}],"author":[{"embeddable":true,"href":"https:\/\/transparencia.cge.rj.gov.br\/transparencia\/wp-json\/wp\/v2\/users\/1"}],"replies":[{"embeddable":true,"href":"https:\/\/transparencia.cge.rj.gov.br\/transparencia\/wp-json\/wp\/v2\/comments?post=455"}],"version-history":[{"count":25,"href":"https:\/\/transparencia.cge.rj.gov.br\/transparencia\/wp-json\/wp\/v2\/pages\/455\/revisions"}],"predecessor-version":[{"id":3150,"href":"https:\/\/transparencia.cge.rj.gov.br\/transparencia\/wp-json\/wp\/v2\/pages\/455\/revisions\/3150"}],"up":[{"embeddable":true,"href":"https:\/\/transparencia.cge.rj.gov.br\/transparencia\/wp-json\/wp\/v2\/pages\/1281"}],"wp:attachment":[{"href":"https:\/\/transparencia.cge.rj.gov.br\/transparencia\/wp-json\/wp\/v2\/media?parent=455"}],"curies":[{"name":"wp","href":"https:\/\/api.w.org\/{rel}","templated":true}]}}