{"id":667,"date":"2025-06-17T16:24:12","date_gmt":"2025-06-17T19:24:12","guid":{"rendered":"http:\/\/10.11.82.79:3080\/?page_id=667"},"modified":"2026-01-09T16:44:05","modified_gmt":"2026-01-09T19:44:05","slug":"licitacoes-e-contratos","status":"publish","type":"page","link":"https:\/\/transparencia.cge.rj.gov.br\/transparencia\/licitacoes-e-contratos\/","title":{"rendered":"Licita\u00e7\u00f5es e Contratos"},"content":{"rendered":"<section class=\"pagpo-section\">\n<div class=\"pagpo-container\">\n<h5 class=\"pagpo-title\">Licita\u00e7\u00f5es e Contratos<\/h5>\n<p style=\"text-align: justify; color: #010101\">As licita\u00e7\u00f5es s\u00e3o procedimentos administrativos utilizados pelo poder p\u00fablico para contratar obras, servi\u00e7os, compras ou aliena\u00e7\u00f5es com a devida observ\u00e2ncia aos princ\u00edpios da legalidade, impessoalidade, moralidade, publicidade, efici\u00eancia, isonomia e interesse p\u00fablico.<\/p>\n<p style=\"text-align: justify; color: #010101\">Com a entrada em vigor da Lei n\u00ba 14.133\/2021, conhecida como a Nova Lei de Licita\u00e7\u00f5es e Contratos Administrativos, o Brasil passou a contar com um marco legal mais moderno e integrado para regulamentar as contrata\u00e7\u00f5es p\u00fablicas. Essa norma substitui gradualmente leis anteriores (como a Lei n\u00ba 8.666\/1993) e traz inova\u00e7\u00f5es como o uso obrigat\u00f3rio do Plano de Contrata\u00e7\u00f5es Anual (PCA), o fortalecimento do planejamento das aquisi\u00e7\u00f5es e regras mais claras sobre a responsabiliza\u00e7\u00e3o dos agentes p\u00fablicos e dos contratados.<\/p>\n<p style=\"text-align: justify; color: #010101\">Ap\u00f3s o processo licitat\u00f3rio, s\u00e3o firmados os contratos administrativos, que formalizam a rela\u00e7\u00e3o entre a administra\u00e7\u00e3o p\u00fablica e o particular contratado. Os contratos estabelecem cl\u00e1usulas sobre prazos, valores, condi\u00e7\u00f5es de pagamento, garantias, obriga\u00e7\u00f5es das partes, entre outros pontos essenciais para a boa execu\u00e7\u00e3o contratual.<\/p>\n<p style=\"text-align: justify; color: #010101\">Para ter acesso ao dicion\u00e1rio de Licita\u00e7\u00f5es, <a href=\"\/transparencia\/wp-content\/uploads\/2025\/10\/Dicionario-licitacoes-1.pdf\">clique aqui.<\/a><\/p>\n<p style=\"text-align: justify;\">Para ter acesso ao dicion\u00e1rio de Contratos, <a href=\"\/transparencia\/wp-content\/uploads\/2025\/10\/Dicionario-Contratos-1.pdf\">clique aqui<\/a>.<\/p>\n\n<div class=\"pagpo-row\">\n<div class=\"pagpo-col\"><a class=\"pagpo-card-link\" href=\"https:\/\/www.compras.rj.gov.br\/EditaisLicitacoes\/buscar.action\" target=\"_blank\" rel=\"noopener\">Licita\u00e7\u00f5es\n<\/a><\/div>\n<div class=\"pagpo-col\"><a class=\"pagpo-card-link\" href=\"https:\/\/www.compras.rj.gov.br\/ProcessoEletronicoDispensa\/buscar.action\" target=\"_blank\" rel=\"noopener\">Dispensa de Licita\u00e7\u00e3o\n<\/a><\/div>\n<div class=\"pagpo-col\"><a class=\"pagpo-card-link\" href=\"https:\/\/www.compras.rj.gov.br\/CompraDireta\/listar.action?filtro.periodoInicioStr=&#038;filtro.periodoFimStr=&#038;filtro.idTipoCompDir=82&#038;filtro.idUnidade=&#038;filtro.objeto=&#038;filtro.processo=&#038;idTipo=&#038;idFamilia=&#038;idClasse=&#038;idArtigo=&#038;filtro.tipoPesquisa_1=&#038;filtro.campoPesquisa_1=contem&#038;filtro.termoPesquisaItem_1=\" target=\"_blank\" rel=\"noopener\">Inexigibilidade de licita\u00e7\u00e3o \u2013 Lei n\u00ba 8.666\/93\n<\/a><\/div>\n<div class=\"pagpo-col\"><a class=\"pagpo-card-link\" href=\"https:\/\/www.compras.rj.gov.br\/CompraDireta\/listar.action?filtro.periodoInicioStr=&#038;filtro.periodoFimStr=&#038;filtro.idTipoCompDir=165&#038;filtro.idUnidade=&#038;filtro.objeto=&#038;filtro.processo=&#038;idTipo=&#038;idFamilia=&#038;idClasse=&#038;idArtigo=&#038;filtro.tipoPesquisa_1=&#038;filtro.campoPesquisa_1=contem&#038;filtro.termoPesquisaItem_1=\" target=\"_blank\" rel=\"noopener\">Inexigibilidade de licita\u00e7\u00e3o \u2013 Lei n\u00ba 13.303\/16\n<\/a><\/div>\n<div class=\"pagpo-col\"><a class=\"pagpo-card-link\" href=\"https:\/\/www.compras.rj.gov.br\/CompraDireta\/listar.action?filtro.periodoInicioStr=&#038;filtro.periodoFimStr=&#038;filtro.idTipoCompDir=159&#038;filtro.idUnidade=&#038;filtro.objeto=&#038;filtro.processo=&#038;idTipo=&#038;idFamilia=&#038;idClasse=&#038;idArtigo=&#038;filtro.tipoPesquisa_1=&#038;filtro.campoPesquisa_1=contem&#038;filtro.termoPesquisaItem_1=\" target=\"_blank\" rel=\"noopener\">Inexigibilidade de licita\u00e7\u00e3o \u2013 Lei n\u00ba 14.133\/21\n<\/a><\/div>\n<div class=\"pagpo-col\"><a class=\"pagpo-card-link\" href=\"https:\/\/redelog.rj.gov.br\/redelog\/extracao-da-base-de-dados-pca-2024-e-2025\/\" target=\"_blank\" rel=\"noopener\">Plano de Contrata\u00e7\u00f5es Anual \u2013 Exerc\u00edcio de 2025\n<\/a><\/div>\n<div class=\"pagpo-col\"><a class=\"pagpo-card-link\" href=\"https:\/\/redelog.rj.gov.br\/redelog\/memoria-do-pca-rj-nos-exercicios-anteriores\" target=\"_blank\" rel=\"noopener\">Plano de Contrata\u00e7\u00f5es Anual \u2013 Exerc\u00edcios Anteriores\n<\/a><\/div>\n<div class=\"pagpo-col\"><a class=\"pagpo-card-link\" href=\"https:\/\/www.compras.rj.gov.br\/Contrato\/buscar.action\" target=\"_blank\" rel=\"noopener\">Contratos\n<\/a><\/div>\n<div class=\"pagpo-col\"><a class=\"pagpo-card-link\" href=\"https:\/\/www.rj.gov.br\/transparencia\/sites\/default\/files\/arquivos_paginas\/Lista%20de%20Fiscais%20ATRICON%20Portal%20da%20Transparencia_0.xlsx\" target=\"_blank\" rel=\"noopener\">Lista de Fiscal de Contrato\n<\/a><\/div>\n<div class=\"pagpo-col\"><a class=\"pagpo-card-link\" href=\"https:\/\/www.compras.rj.gov.br\/Sancao\/buscar.action\" target=\"_blank\" rel=\"noopener\">San\u00e7\u00f5es Administrativas\n<\/a><\/div>\n<div class=\"pagpo-col\"><a class=\"pagpo-card-link\" href=\"https:\/\/portaldatransparencia.gov.br\/sancoes\/consulta?paginacaoSimples=true&#038;tamanhoPagina=&#038;offset=&#038;direcaoOrdenacao=asc&#038;cadastro=1%2C2&#038;orgaoEntidadeSancionadora=Controladoria+Geral+do+Estado+do+Rio+de+Janeiro+-+CGE-RJ&#038;colunasSelecionadas=linkDetalhamento%2Ccadastro%2CcpfCnpj%2CnomeSancionado%2CufSancionado%2Corgao%2CcategoriaSancao%2CdataPublicacao%2CvalorMulta%2Cquantidade&#038;ordenarPor=nomeSancionado&#038;direcao=asc\" target=\"_blank\" rel=\"noopener\">San\u00e7\u00f5es Lei Federal 12.846\/2023 (CNEP\/CEIS)\n<\/a><\/div>\n<\/div>\n<\/div>\n<\/section>","protected":false},"excerpt":{"rendered":"Licita\u00e7\u00f5es e Contratos As licita\u00e7\u00f5es s\u00e3o procedimentos administrativos utilizados pelo poder p\u00fablico para contratar obras, servi\u00e7os, compras ou aliena\u00e7\u00f5es com a devida observ\u00e2ncia aos princ\u00edpios da legalidade, impessoalidade, moralidade, publicidade, [&hellip;]","protected":false},"author":1,"featured_media":0,"parent":0,"menu_order":0,"comment_status":"closed","ping_status":"closed","template":"","meta":{"footnotes":""},"class_list":["post-667","page","type-page","status-publish","hentry"],"_links":{"self":[{"href":"https:\/\/transparencia.cge.rj.gov.br\/transparencia\/wp-json\/wp\/v2\/pages\/667","targetHints":{"allow":["GET"]}}],"collection":[{"href":"https:\/\/transparencia.cge.rj.gov.br\/transparencia\/wp-json\/wp\/v2\/pages"}],"about":[{"href":"https:\/\/transparencia.cge.rj.gov.br\/transparencia\/wp-json\/wp\/v2\/types\/page"}],"author":[{"embeddable":true,"href":"https:\/\/transparencia.cge.rj.gov.br\/transparencia\/wp-json\/wp\/v2\/users\/1"}],"replies":[{"embeddable":true,"href":"https:\/\/transparencia.cge.rj.gov.br\/transparencia\/wp-json\/wp\/v2\/comments?post=667"}],"version-history":[{"count":52,"href":"https:\/\/transparencia.cge.rj.gov.br\/transparencia\/wp-json\/wp\/v2\/pages\/667\/revisions"}],"predecessor-version":[{"id":3085,"href":"https:\/\/transparencia.cge.rj.gov.br\/transparencia\/wp-json\/wp\/v2\/pages\/667\/revisions\/3085"}],"wp:attachment":[{"href":"https:\/\/transparencia.cge.rj.gov.br\/transparencia\/wp-json\/wp\/v2\/media?parent=667"}],"curies":[{"name":"wp","href":"https:\/\/api.w.org\/{rel}","templated":true}]}}