{"id":740,"date":"2025-06-23T13:11:14","date_gmt":"2025-06-23T16:11:14","guid":{"rendered":"http:\/\/10.11.82.79:3080\/?page_id=740"},"modified":"2026-01-22T15:52:24","modified_gmt":"2026-01-22T18:52:24","slug":"o-que-e-e-como-funciona","status":"publish","type":"page","link":"https:\/\/transparencia.cge.rj.gov.br\/transparencia\/o-que-e-e-como-funciona\/","title":{"rendered":"O que \u00e9 e como funciona"},"content":{"rendered":"<section class=\"pagpo-section\">\n<div class=\"pagpo-container\">\n<h2 class=\"lgpd-governo-titulo\">O Que \u00e9 o Portal<\/h2>\n<p class=\"lgpd-governo-descricao\" style=\"color: #010101; font-size: 18px;\">O <span class=\"lgpd-governo-destaque\">Portal da Transpar\u00eancia<\/span> \u00e9 uma iniciativa do <span class=\"lgpd-governo-destaque\">Governo do Estado do Rio de Janeiro<\/span>, sob a gest\u00e3o da Controladoria-Geral do Estado, que disponibiliza informa\u00e7\u00f5es e dados p\u00fablicos de \u00d3rg\u00e3os e Entidades do Poder Executivo Estadual, nos quais o cidad\u00e3o pode encontrar elementos sobre como o dinheiro p\u00fablico \u00e9 utilizado.<\/p>\n<p class=\"lgpd-governo-descricao\" style=\"color: #010101; font-size: 18px;\">O Portal atende de maneira ativa a Lei de Acesso \u00e0 Informa\u00e7\u00e3o, Lei Federal n\u00ba 12.527\/11 e ao Decreto Estadual n\u00ba 46.475\/18, que regulamenta o direito constitucional do cidad\u00e3o a acessar as informa\u00e7\u00f5es p\u00fablicas, permitindo acompanhar e fiscalizar o uso dos recursos p\u00fablicos.<\/p>\n<p class=\"lgpd-governo-descricao\" style=\"color: #010101; font-size: 18px;\">Dessa forma, a sociedade tem \u00e0 disposi\u00e7\u00e3o ferramentas para exercer o controle social sobre as a\u00e7\u00f5es do Governo do Estado, bem como contribuir para a preven\u00e7\u00e3o e combate \u00e0 corrup\u00e7\u00e3o.<\/p>\n\n<h2 class=\"lgpd-governo-titulo\">Como Funciona o Portal<\/h2>\n<p class=\"lgpd-governo-descricao\" style=\"color: #010101; font-size: 18px;\">Os dados divulgados no Portal s\u00e3o provenientes de diversas fontes de informa\u00e7\u00e3o, entre as quais est\u00e3o o Sistema Integrado de Gest\u00e3o Or\u00e7ament\u00e1ria, Financeira e Cont\u00e1bil do Rio de Janeiro \u2013 SIAFE-Rio, o S\u00edtio Eletr\u00f4nico do Portal de Compras do Governo do Estado do Rio de Janeiro \u2013 SIGA (compras.rj.gov.br), o Sistema de Gest\u00e3o de Recursos Humanos \u2013 SIGRH, benef\u00edcios sociais, despesas com loca\u00e7\u00e3o de im\u00f3veis, receitas e despesas de royalties do petr\u00f3leo, entre diversas outras.<\/p>\n<p class=\"lgpd-governo-descricao\" style=\"color: #010101; font-size: 18px;\">O acesso ao Portal n\u00e3o requer usu\u00e1rio nem senha, sendo permitido a qualquer cidad\u00e3o navegar pelas p\u00e1ginas de forma livre, bem como visualizar e utilizar os dados dispon\u00edveis da forma que melhor lhe convier.<\/p>\n\n<\/div>\n<\/section>","protected":false},"excerpt":{"rendered":"O Que \u00e9 o Portal O Portal da Transpar\u00eancia \u00e9 uma iniciativa do Governo do Estado do Rio de Janeiro, sob a gest\u00e3o da Controladoria-Geral do Estado, que disponibiliza informa\u00e7\u00f5es [&hellip;]","protected":false},"author":1,"featured_media":0,"parent":0,"menu_order":0,"comment_status":"closed","ping_status":"closed","template":"","meta":{"footnotes":""},"class_list":["post-740","page","type-page","status-publish","hentry"],"_links":{"self":[{"href":"https:\/\/transparencia.cge.rj.gov.br\/transparencia\/wp-json\/wp\/v2\/pages\/740","targetHints":{"allow":["GET"]}}],"collection":[{"href":"https:\/\/transparencia.cge.rj.gov.br\/transparencia\/wp-json\/wp\/v2\/pages"}],"about":[{"href":"https:\/\/transparencia.cge.rj.gov.br\/transparencia\/wp-json\/wp\/v2\/types\/page"}],"author":[{"embeddable":true,"href":"https:\/\/transparencia.cge.rj.gov.br\/transparencia\/wp-json\/wp\/v2\/users\/1"}],"replies":[{"embeddable":true,"href":"https:\/\/transparencia.cge.rj.gov.br\/transparencia\/wp-json\/wp\/v2\/comments?post=740"}],"version-history":[{"count":12,"href":"https:\/\/transparencia.cge.rj.gov.br\/transparencia\/wp-json\/wp\/v2\/pages\/740\/revisions"}],"predecessor-version":[{"id":3143,"href":"https:\/\/transparencia.cge.rj.gov.br\/transparencia\/wp-json\/wp\/v2\/pages\/740\/revisions\/3143"}],"wp:attachment":[{"href":"https:\/\/transparencia.cge.rj.gov.br\/transparencia\/wp-json\/wp\/v2\/media?parent=740"}],"curies":[{"name":"wp","href":"https:\/\/api.w.org\/{rel}","templated":true}]}}