{"id":742,"date":"2025-06-23T14:12:21","date_gmt":"2025-06-23T17:12:21","guid":{"rendered":"http:\/\/10.11.82.79:3080\/?page_id=742"},"modified":"2026-01-13T14:51:37","modified_gmt":"2026-01-13T17:51:37","slug":"o-que-voce-encontra-no-portal","status":"publish","type":"page","link":"https:\/\/transparencia.cge.rj.gov.br\/transparencia\/o-que-voce-encontra-no-portal\/","title":{"rendered":"O que voc\u00ea encontra no Portal"},"content":{"rendered":"<section class=\"pagpo-section\">\n<div class=\"pagpo-container\">\n  <h2 class=\"portal-titulo\">\n    O Portal da Transpar\u00eancia cont\u00e9m informa\u00e7\u00f5es e dados sobre os seguintes assuntos:\n  <\/h2>\n\n  <ul class=\"portal-list\" style=\"color: #010101; font-size: 18px\">\n    <li class=\"portal-item\">Legisla\u00e7\u00e3o<\/li>\n    <li class=\"portal-item\">Perguntas Frequentes<\/li>\n    <li class=\"portal-item\">Gloss\u00e1rio<\/li>\n    <li class=\"portal-item\">Estrutura do Poder Executivo<\/li>\n    <li class=\"portal-item\">Planejamento e Or\u00e7amento<\/li>\n    <li class=\"portal-item\">Or\u00e7amento Crian\u00e7a e Adolescente \u2013 OCA<\/li>\n    <li class=\"portal-item\">Or\u00e7amento do Idoso<\/li>\n    <li class=\"portal-item\">Receitas e Despesas<\/li>\n    <li class=\"portal-item\">Royalties do Petr\u00f3leo<\/li>\n    <li class=\"portal-item\">Conv\u00eanios e Transfer\u00eancias<\/li>\n    <li class=\"portal-item\">Benef\u00edcios ao Cidad\u00e3o<\/li>\n    <li class=\"portal-item\">Loca\u00e7\u00e3o de Im\u00f3veis<\/li>\n    <li class=\"portal-item\">Benef\u00edcios Fiscais<\/li>\n    <li class=\"portal-item\">Responsabilidade Fiscal<\/li>\n    <li class=\"portal-item\">Bolsas de Pesquisa<\/li>\n    <li class=\"portal-item\">Adiantamentos (Suprimento de Fundos)<\/li>\n    <li class=\"portal-item\">Remunera\u00e7\u00e3o dos servidores ativos, aposentados e pensionistas<\/li>\n    <li class=\"portal-item\">Di\u00e1rias<\/li>\n    <li class=\"portal-item\">Concursos<\/li>\n    <li class=\"portal-item\">Recursos Humanos<\/li>\n    <li class=\"portal-item\">D\u00edvida Ativa<\/li>\n    <li class=\"portal-item\">D\u00edvida P\u00fablica<\/li>\n    <li class=\"portal-item\">Precat\u00f3rios<\/li>\n    <li class=\"portal-item\">Regime de Recupera\u00e7\u00e3o Fiscal<\/li>\n    <li class=\"portal-item\">Licita\u00e7\u00f5es, Contratos e San\u00e7\u00f5es<\/li>\n    <li class=\"portal-item\">Obras<\/li>\n    <li class=\"portal-item\">Pacto RJ<\/li>\n    <li class=\"portal-item\">Quadro Geral de Servi\u00e7os<\/li>\n    <li class=\"portal-item\">Voos do Governador<\/li>\n    <li class=\"portal-item\">Aplica\u00e7\u00e3o de Recursos do FACI<\/li>\n  <\/ul>\n<\/div>\n<\/section>\n","protected":false},"excerpt":{"rendered":"O Portal da Transpar\u00eancia cont\u00e9m informa\u00e7\u00f5es e dados sobre os seguintes assuntos: Legisla\u00e7\u00e3o Perguntas Frequentes Gloss\u00e1rio Estrutura do Poder Executivo Planejamento e Or\u00e7amento Or\u00e7amento Crian\u00e7a e Adolescente \u2013 OCA Or\u00e7amento [&hellip;]","protected":false},"author":1,"featured_media":0,"parent":0,"menu_order":0,"comment_status":"closed","ping_status":"closed","template":"","meta":{"footnotes":""},"class_list":["post-742","page","type-page","status-publish","hentry"],"_links":{"self":[{"href":"https:\/\/transparencia.cge.rj.gov.br\/transparencia\/wp-json\/wp\/v2\/pages\/742","targetHints":{"allow":["GET"]}}],"collection":[{"href":"https:\/\/transparencia.cge.rj.gov.br\/transparencia\/wp-json\/wp\/v2\/pages"}],"about":[{"href":"https:\/\/transparencia.cge.rj.gov.br\/transparencia\/wp-json\/wp\/v2\/types\/page"}],"author":[{"embeddable":true,"href":"https:\/\/transparencia.cge.rj.gov.br\/transparencia\/wp-json\/wp\/v2\/users\/1"}],"replies":[{"embeddable":true,"href":"https:\/\/transparencia.cge.rj.gov.br\/transparencia\/wp-json\/wp\/v2\/comments?post=742"}],"version-history":[{"count":8,"href":"https:\/\/transparencia.cge.rj.gov.br\/transparencia\/wp-json\/wp\/v2\/pages\/742\/revisions"}],"predecessor-version":[{"id":3111,"href":"https:\/\/transparencia.cge.rj.gov.br\/transparencia\/wp-json\/wp\/v2\/pages\/742\/revisions\/3111"}],"wp:attachment":[{"href":"https:\/\/transparencia.cge.rj.gov.br\/transparencia\/wp-json\/wp\/v2\/media?parent=742"}],"curies":[{"name":"wp","href":"https:\/\/api.w.org\/{rel}","templated":true}]}}