{"id":838,"date":"2025-06-25T17:50:47","date_gmt":"2025-06-25T20:50:47","guid":{"rendered":"https:\/\/transparencia.cge.rj.gov.br\/?page_id=838"},"modified":"2025-07-17T13:23:46","modified_gmt":"2025-07-17T16:23:46","slug":"mapa-do-site","status":"publish","type":"page","link":"https:\/\/transparencia.cge.rj.gov.br\/transparencia\/mapa-do-site\/","title":{"rendered":"MAPA DO SITE"},"content":{"rendered":"<h2 class=\"legislacao-titulo\" style=\"width: fit-content; margin-bottom: 30px; margin-top: 60px;\">Mapa do Site<\/h2>\n<div class=\"meu-acordeao\">\n<div class=\"acordeao-item\"><button class=\"acordeao-header\">SOBRE O PORTAL<\/button>\n<div class=\"acordeao-content\">\n<ul>\n \t<li><a href=\"#\">O que \u00e9 e como funciona<\/a><\/li>\n \t<li><a href=\"#\">O que voc\u00ea encontra no Portal<\/a><\/li>\n \t<li><a href=\"#\">Legisla\u00e7\u00e3o<\/a><\/li>\n \t<li><a href=\"#\">Perguntas Frequentes<\/a><\/li>\n \t<li><a href=\"#\">Gloss\u00e1rio<\/a><\/li>\n<\/ul>\n<\/div>\n<\/div>\n<div class=\"acordeao-item\"><button class=\"acordeao-header\">REDE DE OUVIDORIAS E TRANSPAR\u00caNCIA<\/button>\n<div class=\"acordeao-content\">\n<ul>\n \t<li><a href=\"#\">Rede de Ouvidorias e Transpar\u00eancia<\/a><\/li>\n<\/ul>\n<\/div>\n<\/div>\n<div class=\"acordeao-item\"><button class=\"acordeao-header\">CONTROLE SOCIAL<\/button>\n<div class=\"acordeao-content\">\n<ul>\n \t<li><a href=\"#\">Decis\u00f5es 3\u00aa Inst\u00e2ncia LAI<\/a><\/li>\n \t<li><a href=\"#\">Ranking de Transpar\u00eancia<\/a><\/li>\n<\/ul>\n<\/div>\n<\/div>\n<div class=\"acordeao-item\"><button class=\"acordeao-header\">OR\u00c7AMENTO<\/button>\n<div class=\"acordeao-content\">\n<h3>Planejamento e Or\u00e7amento<\/h3>\n<ul>\n \t<li><a href=\"#\">PPA<\/a><\/li>\n \t<li><a href=\"#\">LDO<\/a><\/li>\n \t<li><a href=\"#\">LOA<\/a><\/li>\n \t<li><a href=\"#\">Or\u00e7amento da Crian\u00e7a e do Adolescente<\/a><\/li>\n \t<li><a href=\"#\">Or\u00e7amento do Idoso<\/a><\/li>\n \t<li><a href=\"#\">Or\u00e7amento da Mulher<\/a><\/li>\n<\/ul>\n<\/div>\n<\/div>\n<div class=\"acordeao-item\"><button class=\"acordeao-header\">RECEITAS E DESPESAS<\/button>\n<div class=\"acordeao-content\">\n<h3>Receitas<\/h3>\n<ul>\n \t<li><a href=\"#\">Execu\u00e7\u00e3o Or\u00e7ament\u00e1ria<\/a><\/li>\n \t<li><a href=\"#\">Consulta Livre da Receita<\/a><\/li>\n<\/ul>\n<h3>Despesas<\/h3>\n<ul>\n \t<li><a href=\"#\">Execu\u00e7\u00e3o da Despesa<\/a><\/li>\n \t<li><a href=\"#\">Monte a sua Consulta<\/a><\/li>\n \t<li><a href=\"#\">Consulta Livre de Despesas<\/a><\/li>\n \t<li><a href=\"#\">Consulta a Fornecedores<\/a><\/li>\n \t<li><a href=\"#\">Or\u00e7amento F\u00e1cil<\/a><\/li>\n \t<li><a href=\"#\">Contratos<\/a><\/li>\n<\/ul>\n<h3>Royalties do Petr\u00f3leo<\/h3>\n<ul>\n \t<li><a href=\"#\">Conv\u00eanios e Transfer\u00eancias<\/a><\/li>\n \t<li><a href=\"#\">Conv\u00eanios de Receita<\/a><\/li>\n \t<li><a href=\"#\">Conv\u00eanios de Despesa<\/a><\/li>\n \t<li><a href=\"#\">Transfer\u00eancias Municipais<\/a><\/li>\n \t<li><a href=\"#\">Despesas com o Coronav\u00edrus<\/a><\/li>\n<\/ul>\n<h3>Benef\u00edcios ao Cidad\u00e3o<\/h3>\n<ul>\n \t<li><a href=\"#\">Fundo Estadual de Fomento ao Microcr\u00e9dito Produtivo Orientado para Empreendedores \u2013 FEMPO<\/a><\/li>\n \t<li><a href=\"#\">Aux\u00edlio Financeiro \u00e0 Pessoa F\u00edsica<\/a><\/li>\n \t<li><a href=\"#\">Benef\u00edcios Fiscais<\/a><\/li>\n \t<li><a href=\"#\">Bolsas de Pesquisa<\/a><\/li>\n \t<li><a href=\"#\">Adiantamentos (Suprimento de Fundos)<\/a><\/li>\n \t<li><a href=\"#\">Loca\u00e7\u00e3o de Im\u00f3veis<\/a><\/li>\n \t<li><a href=\"#\">Responsabilidade Fiscal<\/a><\/li>\n<\/ul>\n<\/div>\n<\/div>\n<div class=\"acordeao-item\"><button class=\"acordeao-header\">PESSOAL<\/button>\n<div class=\"acordeao-content\">\n<ul>\n \t<li><a href=\"#\">Consultas \u00e0s Remunera\u00e7\u00f5es Servidores Ativos<\/a><\/li>\n \t<li><a href=\"#\">Consultas \u00e0s Remunera\u00e7\u00f5es Aposentados e Pensionistas<\/a><\/li>\n \t<li><a href=\"#\">Di\u00e1rias<\/a><\/li>\n \t<li><a href=\"#\">Painel de Recursos Humanos<\/a><\/li>\n \t<li><a href=\"#\">Tabela Remunerat\u00f3ria<\/a><\/li>\n \t<li><a href=\"#\">Concursos<\/a><\/li>\n<\/ul>\n<\/div>\n<\/div>\n<div class=\"acordeao-item\"><button class=\"acordeao-header\">D\u00cdVIDAS<\/button>\n<div class=\"acordeao-content\">\n<ul>\n \t<li><a href=\"#\">D\u00edvida Ativa<\/a><\/li>\n \t<li><a href=\"#\">D\u00edvida P\u00fablica<\/a><\/li>\n \t<li><a href=\"#\">Precat\u00f3rios<\/a><\/li>\n \t<li><a href=\"#\">Regime de Recupera\u00e7\u00e3o Fiscal<\/a><\/li>\n<\/ul>\n<\/div>\n<\/div>\n<div class=\"acordeao-item\"><button class=\"acordeao-header\">LICITA\u00c7\u00d5ES E CONTRATOS<\/button>\n<div class=\"acordeao-content\">\n<ul>\n \t<li><a href=\"#\">Licita\u00e7\u00f5es<\/a><\/li>\n \t<li><a href=\"#\">Plano de Contrata\u00e7\u00f5es Anual<\/a><\/li>\n \t<li><a href=\"#\">Contratos<\/a><\/li>\n \t<li><a href=\"#\">San\u00e7\u00f5es<\/a><\/li>\n<\/ul>\n<\/div>\n<\/div>\n<div class=\"acordeao-item\"><button class=\"acordeao-header\">OBRAS<\/button>\n<div class=\"acordeao-content\">\n<ul>\n \t<li><a href=\"#\">Obras<\/a><\/li>\n \t<li><a href=\"#\">Pacto RJ<\/a><\/li>\n<\/ul>\n<\/div>\n<\/div>\n<div class=\"acordeao-item\"><button class=\"acordeao-header\">OUTROS<\/button>\n<div class=\"acordeao-content\">\n<ul>\n \t<li><a href=\"#\">Quadro Geral de Servi\u00e7os<\/a><\/li>\n \t<li><a href=\"#\">Voos do Governador<\/a><\/li>\n \t<li><a href=\"#\">Aplica\u00e7\u00e3o do FACI<\/a><\/li>\n \t<li><a href=\"#\">Emendas Parlamentares<\/a><\/li>\n \t<li><a href=\"#\">Plano Estadual de Educa\u00e7\u00e3o<\/a><\/li>\n<\/ul>\n<\/div>\n<\/div>\n<div class=\"acordeao-item\"><button class=\"acordeao-header\">LINKS \u00daTEIS<\/button>\n<div class=\"acordeao-content\">\n<ul>\n \t<li><a href=\"#\">OuvERJ<\/a><\/li>\n \t<li><a href=\"#\">SICS Presenciais<\/a><\/li>\n \t<li><a href=\"#\">Disque Rio Contra a Corrup\u00e7\u00e3o<\/a><\/li>\n \t<li><a href=\"#\">Rede de Ouvidoria e Transpar\u00eancia do RJ<\/a><\/li>\n \t<li><a href=\"#\">LGPD.RJ<\/a><\/li>\n \t<li><a href=\"#\">Radar da Transpar\u00eancia P\u00fablica<\/a><\/li>\n \t<li><a href=\"#\">Servi\u00e7os<\/a><\/li>\n \t<li><a href=\"#\">Transpar\u00eancia em A\u00e7\u00f5es de Seguran\u00e7a Publica<\/a><\/li>\n<\/ul>\n<\/div>\n<\/div>\n<\/div>","protected":false},"excerpt":{"rendered":"Mapa do Site SOBRE O PORTAL O que \u00e9 e como funciona O que voc\u00ea encontra no Portal Legisla\u00e7\u00e3o Perguntas Frequentes Gloss\u00e1rio REDE DE OUVIDORIAS E TRANSPAR\u00caNCIA Rede de Ouvidorias [&hellip;]","protected":false},"author":1,"featured_media":0,"parent":0,"menu_order":0,"comment_status":"closed","ping_status":"closed","template":"","meta":{"footnotes":""},"class_list":["post-838","page","type-page","status-publish","hentry"],"_links":{"self":[{"href":"https:\/\/transparencia.cge.rj.gov.br\/transparencia\/wp-json\/wp\/v2\/pages\/838","targetHints":{"allow":["GET"]}}],"collection":[{"href":"https:\/\/transparencia.cge.rj.gov.br\/transparencia\/wp-json\/wp\/v2\/pages"}],"about":[{"href":"https:\/\/transparencia.cge.rj.gov.br\/transparencia\/wp-json\/wp\/v2\/types\/page"}],"author":[{"embeddable":true,"href":"https:\/\/transparencia.cge.rj.gov.br\/transparencia\/wp-json\/wp\/v2\/users\/1"}],"replies":[{"embeddable":true,"href":"https:\/\/transparencia.cge.rj.gov.br\/transparencia\/wp-json\/wp\/v2\/comments?post=838"}],"version-history":[{"count":9,"href":"https:\/\/transparencia.cge.rj.gov.br\/transparencia\/wp-json\/wp\/v2\/pages\/838\/revisions"}],"predecessor-version":[{"id":1755,"href":"https:\/\/transparencia.cge.rj.gov.br\/transparencia\/wp-json\/wp\/v2\/pages\/838\/revisions\/1755"}],"wp:attachment":[{"href":"https:\/\/transparencia.cge.rj.gov.br\/transparencia\/wp-json\/wp\/v2\/media?parent=838"}],"curies":[{"name":"wp","href":"https:\/\/api.w.org\/{rel}","templated":true}]}}