{"id":864,"date":"2025-06-26T15:25:11","date_gmt":"2025-06-26T18:25:11","guid":{"rendered":"https:\/\/transparencia.cge.rj.gov.br\/?page_id=864"},"modified":"2026-03-26T15:55:41","modified_gmt":"2026-03-26T18:55:41","slug":"emendas-parlamentares","status":"publish","type":"page","link":"https:\/\/transparencia.cge.rj.gov.br\/transparencia\/emendas-parlamentares\/","title":{"rendered":"Emendas Parlamentares"},"content":{"rendered":"<section class=\"pagpo-section\">\n<div class=\"pagpo-container\">\n<h5 class=\"pagpo-title\">Emendas Parlamentares<\/h5>\n<p style=\"text-align: justify; color: #010101;\">Esta se\u00e7\u00e3o apresenta informa\u00e7\u00f5es sobre as emendas parlamentares previstas no or\u00e7amento e destinadas ao Estado do Rio de Janeiro. Est\u00e3o inclu\u00eddas as emendas impositivas estaduais, as emendas impositivas federais e as demais emendas federais. As emendas s\u00e3o indicadas por parlamentares com o objetivo de atender demandas espec\u00edficas da popula\u00e7\u00e3o.<\/p>\n<div class=\"pagpo-row\">\n<div class=\"pagpo-col\"><a class=\"pagpo-card-link\" href=\"https:\/\/www.redeplan.planejamento.rj.gov.br\/demaisprocessos\/emendas.html\" target=\"_blank\" rel=\"noopener\">Impositivas Estaduais<\/a><br \/><a class=\"pagpo-card-link\" href=\"https:\/\/qlik.rj.gov.br\/public\/sense\/app\/a3cfd25a-0fc6-46d8-be87-52fb6e29f066\/sheet\/UwJJmV\/state\/analysis\" target=\"_blank\" rel=\"noopener\">Plataforma Emendas Parlamentares Estaduais<\/a><\/div>\n<div class=\"pagpo-col\"><a class=\"pagpo-card-link\" href=\"https:\/\/portaldatransparencia.gov.br\/emendas\/consulta-por-favorecido?paginacaoSimples=true&amp;tamanhoPagina=&amp;offset=&amp;direcaoOrdenacao=asc&amp;de=01%2F01%2F2014&amp;ate=31%2F12%2F2025&amp;naturezaJuridica=1112%2C1260%2C1147%2C1325%2C1295%2C1171%2C1023&amp;ufFavorecido=RJ&amp;tipoEmenda=3%2C2%2C1&amp;colunasSelecionadas=linkDetalhamento%2Cfavorecido%2CnaturezaJuridica%2CtipoFavorecido%2CufFavorecido%2CmunicipioFavorecido%2Cvalor%2CanoMes%2CcodigoEmenda%2CtipoEmenda%2CautorEmenda&amp;ordenarPor=naturezaJuridica&amp;direcao=asc\" target=\"_blank\" rel=\"noopener\">Impositivas Federais<\/a><\/div>\n<div class=\"pagpo-col\"><a class=\"pagpo-card-link\" href=\"https:\/\/portaldatransparencia.gov.br\/emendas\/consulta-por-favorecido?paginacaoSimples=true&amp;tamanhoPagina=&amp;offset=&amp;direcaoOrdenacao=asc&amp;de=01%2F01%2F2014&amp;ate=31%2F12%2F2025&amp;naturezaJuridica=1112%2C1260%2C1147%2C1325%2C1295%2C1171%2C1023&amp;ufFavorecido=RJ&amp;tipoEmenda=3%2C4%2C5%2C2%2C1&amp;colunasSelecionadas=linkDetalhamento%2Cfavorecido%2CnaturezaJuridica%2CtipoFavorecido%2CufFavorecido%2CmunicipioFavorecido%2Cvalor%2CanoMes%2CcodigoEmenda%2CtipoEmenda%2CautorEmenda&amp;ordenarPor=valor&amp;direcao=desc\" target=\"_blank\" rel=\"noopener\">Federais<\/a><\/div>\n<div class=\"pagpo-col\"><a class=\"pagpo-card-link\" href=\"https:\/\/especiais.transferegov.sistema.gov.br\/transferencia-especial\/plano-acao\/consulta\" target=\"_blank\" rel=\"noopener\">Plano de A\u00e7\u00e3o<\/a><\/div>\n<\/div>\n<\/div>\n<\/section>\n\n\n<p><\/p>\n","protected":false},"excerpt":{"rendered":"Emendas Parlamentares Esta se\u00e7\u00e3o apresenta informa\u00e7\u00f5es sobre as emendas parlamentares previstas no or\u00e7amento e destinadas ao Estado do Rio de Janeiro. Est\u00e3o inclu\u00eddas as emendas impositivas estaduais, as emendas impositivas [&hellip;]","protected":false},"author":1,"featured_media":0,"parent":0,"menu_order":0,"comment_status":"closed","ping_status":"closed","template":"","meta":{"footnotes":""},"class_list":["post-864","page","type-page","status-publish","hentry"],"_links":{"self":[{"href":"https:\/\/transparencia.cge.rj.gov.br\/transparencia\/wp-json\/wp\/v2\/pages\/864","targetHints":{"allow":["GET"]}}],"collection":[{"href":"https:\/\/transparencia.cge.rj.gov.br\/transparencia\/wp-json\/wp\/v2\/pages"}],"about":[{"href":"https:\/\/transparencia.cge.rj.gov.br\/transparencia\/wp-json\/wp\/v2\/types\/page"}],"author":[{"embeddable":true,"href":"https:\/\/transparencia.cge.rj.gov.br\/transparencia\/wp-json\/wp\/v2\/users\/1"}],"replies":[{"embeddable":true,"href":"https:\/\/transparencia.cge.rj.gov.br\/transparencia\/wp-json\/wp\/v2\/comments?post=864"}],"version-history":[{"count":20,"href":"https:\/\/transparencia.cge.rj.gov.br\/transparencia\/wp-json\/wp\/v2\/pages\/864\/revisions"}],"predecessor-version":[{"id":3202,"href":"https:\/\/transparencia.cge.rj.gov.br\/transparencia\/wp-json\/wp\/v2\/pages\/864\/revisions\/3202"}],"wp:attachment":[{"href":"https:\/\/transparencia.cge.rj.gov.br\/transparencia\/wp-json\/wp\/v2\/media?parent=864"}],"curies":[{"name":"wp","href":"https:\/\/api.w.org\/{rel}","templated":true}]}}