{"id":885,"date":"2025-07-01T11:37:27","date_gmt":"2025-07-01T14:37:27","guid":{"rendered":"https:\/\/transparencia.cge.rj.gov.br\/?page_id=885"},"modified":"2025-07-11T15:59:32","modified_gmt":"2025-07-11T18:59:32","slug":"aplicacao-do-faci","status":"publish","type":"page","link":"https:\/\/transparencia.cge.rj.gov.br\/transparencia\/fundos-3\/aplicacao-do-faci\/","title":{"rendered":"Aplica\u00e7\u00e3o do FACI"},"content":{"rendered":"<div style=\"display: flex; justify-content: center; align-items: center; margin: 0;\">\n<div class=\"containerPaginas\">\n<h5 class=\"titulo\">Aplica\u00e7\u00e3o do FACI <\/h5>\n<p>Fundo de Aprimoramento do Controle Interno &#8211; FACI-RJ<\/p>\n<p><a href=\"https:\/\/www.rj.gov.br\/transparencia\/sites\/default\/files\/arquivos_paginas\/Lei%20Estadual%20n%C2%BA%207.989.pdf\">Lei Estadual n\u00ba 7.989 de 14 de junho de 2018<\/a> &#8211; Disp\u00f5e sobre o Sistema de  Controle Interno do Poder Executivo do Estado do Rio de Janeiro, cria a Controladoria Geral do Estado do Rio de  Janeiro e o Fundo de  Aprimoramento de Controle Interno, organiza as carreiras de Controle Interno, e d\u00e1 outras provid\u00eancias.<\/p>\n<p><a href=\"https:\/\/www.rj.gov.br\/transparencia\/sites\/default\/files\/arquivos_paginas\/Decreto%20n%C2%BA%2046.436.pdf\">Decreto n\u00ba 46.436 de 26 de setembro de 2018<\/a> &#8211; Regulamenta o Fundo de Aprimoramento do Controle Interno &#8211; FACI, institu\u00eddo pelo artigo 19, da Lei Estadual n\u00ba 7.989, de 14 de junho de 2018.<\/p>\n<p><a href=\"https:\/\/www.rj.gov.br\/transparencia\/sites\/default\/files\/arquivos_paginas\/Resolu%C3%A7%C3%A3o%20CGE%20n%C2%BA%2087.pdf\">Resolu\u00e7\u00e3o CGE n\u00ba 87 de 26 de maio de 2021<\/a> &#8211; Aprova o regimento interno do Fundo de Aprimoramento do Controle Interno &#8211; FACI-RJ.<\/p>\n<p>* As planilhas s\u00e3o disponibilizadas mensalmente, com os valores acumulados do respectivo ano.<\/p>\n\n<div class=\"meu-acordeao\">\n    <div class=\"acordeao-item\">\n        <button class=\"acordeao-header\">FACI Or\u00e7amento<\/button>\n            <div class=\"acordeao-content\">\n             <ul>\n                <li>2025<a href=\"https:\/\/www.rj.gov.br\/transparencia\/sites\/default\/files\/arquivos_paginas\/FACI%20Or%C3%A7amento%202025%2006.pdf\"> pdf <\/a><a href=\"https:\/\/www.rj.gov.br\/transparencia\/sites\/default\/files\/arquivos_paginas\/FACI%20Or%C3%A7amento%202025%2006.xls\"> xls <\/a><a href=\"https:\/\/www.rj.gov.br\/transparencia\/sites\/default\/files\/arquivos_paginas\/FACI%20Or%C3%A7amento%202025%2006.csv\"> csv <\/a><\/li>\n                <li>2024<a href=\"https:\/\/www.rj.gov.br\/transparencia\/sites\/default\/files\/arquivos_paginas\/FACI%20Or%C3%A7amento%202024%2012_1.pdf\"> pdf <\/a><a href=\"https:\/\/www.rj.gov.br\/transparencia\/sites\/default\/files\/arquivos_paginas\/FACI%20Or%C3%A7amento%202024%2012_0.xls\"> xls <\/a><a href=\"https:\/\/www.rj.gov.br\/transparencia\/sites\/default\/files\/arquivos_paginas\/FACI%20Or%C3%A7amento%202024%2012_0.csv\"> csv <\/a><\/li>\n                <li>2023<a href=\"https:\/\/www.rj.gov.br\/transparencia\/sites\/default\/files\/arquivos_paginas\/FACI%20Or%C3%A7amento%202023_10.pdf\"> pdf <\/a><a href=\"https:\/\/www.rj.gov.br\/transparencia\/sites\/default\/files\/arquivos_paginas\/FACI%20Or%C3%A7amento%202023_10.xls\"> xls <\/a><a href=\"https:\/\/www.rj.gov.br\/transparencia\/sites\/default\/files\/arquivos_paginas\/FACI%20Or%C3%A7amento%202023_10.csv\"> csv <\/a><\/li>\n                <li>2022<a href=\"https:\/\/www.rj.gov.br\/transparencia\/sites\/default\/files\/arquivos_paginas\/FACI%20Or%C3%A7amento%202022_10.pdf\"> pdf <\/a><a href=\"https:\/\/www.rj.gov.br\/transparencia\/sites\/default\/files\/arquivos_paginas\/FACI%20Or%C3%A7amento%202022_9.xls\"> xls <\/a><a href=\"https:\/\/www.rj.gov.br\/transparencia\/sites\/default\/files\/arquivos_paginas\/FACI%20Or%C3%A7amento%202022_9.csv\"> csv <\/a><\/li>\n                <li>2021<a href=\"https:\/\/www.rj.gov.br\/transparencia\/sites\/default\/files\/arquivos_paginas\/FACI%20Or%C3%A7amento%202021.pdf\"> pdf <\/a><a href=\"https:\/\/www.rj.gov.br\/transparencia\/sites\/default\/files\/arquivos_paginas\/FACI%20Or%C3%A7amento%202021.xls\"> xls <\/a><a href=\"https:\/\/www.rj.gov.br\/transparencia\/sites\/default\/files\/arquivos_paginas\/FACI%20Or%C3%A7amento%202021.csv\"> csv <\/a><\/li>\n                <li>2020<a href=\"https:\/\/www.rj.gov.br\/transparencia\/sites\/default\/files\/arquivos_paginas\/FACI%20Or%C3%A7amento%202020.pdf\"> pdf <\/a><a href=\"https:\/\/www.rj.gov.br\/transparencia\/sites\/default\/files\/arquivos_paginas\/FACI%20Or%C3%A7amento%202020.xls\"> xls <\/a><a href=\"https:\/\/www.rj.gov.br\/transparencia\/sites\/default\/files\/arquivos_paginas\/FACI%20Or%C3%A7amento%202020.csv\"> csv <\/a><\/li>\n                <li>2019<a href=\"https:\/\/www.rj.gov.br\/transparencia\/sites\/default\/files\/arquivos_paginas\/FACI%20Or%C3%A7amento%202019.pdf\"> pdf <\/a><a href=\"https:\/\/www.rj.gov.br\/transparencia\/sites\/default\/files\/arquivos_paginas\/FACI%20Or%C3%A7amento%202019.xls\"> xls <\/a><a href=\"https:\/\/www.rj.gov.br\/transparencia\/sites\/default\/files\/arquivos_paginas\/FACI%20Or%C3%A7amento%202019.csv\"> csv <\/a><\/li>\n            <\/ul>\n        <\/div>\n    <\/div>\n    <div class=\"acordeao-item\">\n        <button class=\"acordeao-header\">FACI Aplica\u00e7\u00e3o dos Recursos<\/button>\n        <div class=\"acordeao-content\">\n            <ul>\n                <li>2025<a href=\"https:\/\/www.rj.gov.br\/transparencia\/sites\/default\/files\/arquivos_paginas\/FACI%20Aplica%C3%A7%C3%A3o%20dos%20Recursos%202025%2006.pdf\"> pdf <\/a><a href=\"https:\/\/www.rj.gov.br\/transparencia\/sites\/default\/files\/arquivos_paginas\/FACI%20Aplica%C3%A7%C3%A3o%20dos%20Recursos%202025%2006_0.xls\"> xls <\/a><a href=\"https:\/\/www.rj.gov.br\/transparencia\/sites\/default\/files\/arquivos_paginas\/FACI%20Aplica%C3%A7%C3%A3o%20dos%20Recursos%202025%2006.CSV\"> csv <\/a><\/li>\n                <li>2024<a href=\"https:\/\/www.rj.gov.br\/transparencia\/sites\/default\/files\/arquivos_paginas\/FACI%20Aplica%C3%A7%C3%A3o%20dos%20Recursos%202024%2012_0.pdf\"> pdf <\/a><a href=\"https:\/\/www.rj.gov.br\/transparencia\/sites\/default\/files\/arquivos_paginas\/FACI%20Aplica%C3%A7%C3%A3o%20dos%20Recursos%202024%2012_0.xls\"> xls <\/a><a href=\"https:\/\/www.rj.gov.br\/transparencia\/sites\/default\/files\/arquivos_paginas\/FACI%20Aplica%C3%A7%C3%A3o%20dos%20Recursos%202024%2012_0.csv\"> csv <\/a><\/li>\n                <li>2023<a href=\"https:\/\/www.rj.gov.br\/transparencia\/sites\/default\/files\/arquivos_paginas\/FACI%20Aplica%C3%A7%C3%A3o%20dos%20Recursos%202023_13.pdf\"> pdf <\/a><a href=\"https:\/\/www.rj.gov.br\/transparencia\/sites\/default\/files\/arquivos_paginas\/FACI%20Aplica%C3%A7%C3%A3o%20dos%20Recursos%202023_13.xls\"> xls <\/a><a href=\"https:\/\/www.rj.gov.br\/transparencia\/sites\/default\/files\/arquivos_paginas\/FACI%20Aplica%C3%A7%C3%A3o%20dos%20Recursos%202023_13.csv\"> csv <\/a><\/li>\n                <li>2022<a href=\"https:\/\/www.rj.gov.br\/transparencia\/sites\/default\/files\/arquivos_paginas\/FACI%20-%20Aplica%C3%A7%C3%A3o%20dos%20Recursos%202022.pdf\"> pdf <\/a><a href=\"https:\/\/www.rj.gov.br\/transparencia\/sites\/default\/files\/arquivos_paginas\/FACI%20-%20Aplica%C3%A7%C3%A3o%20dos%20Recursos%202022.xls\"> xls <\/a><a href=\"https:\/\/www.rj.gov.br\/transparencia\/sites\/default\/files\/arquivos_paginas\/FACI%20-%20Aplica%C3%A7%C3%A3o%20dos%20Recursos%202022.csv\"> csv <\/a><\/li>\n                <li>2021<a href=\"https:\/\/www.rj.gov.br\/transparencia\/sites\/default\/files\/arquivos_paginas\/FACI%20Aplica%C3%A7%C3%A3o%20dos%20Recursos%202021.pdf\"> pdf <\/a><a href=\"https:\/\/www.rj.gov.br\/transparencia\/sites\/default\/files\/arquivos_paginas\/FACI%20Or%C3%A7amento%202021.xls\"> xls <\/a><a href=\"https:\/\/www.rj.gov.br\/transparencia\/sites\/default\/files\/arquivos_paginas\/FACI%20Aplica%C3%A7%C3%A3o%20dos%20Recursos%202021.csv\"> csv <\/a><\/li>\n                <li>2020<a href=\"https:\/\/www.rj.gov.br\/transparencia\/sites\/default\/files\/arquivos_paginas\/FACI%20Aplica%C3%A7%C3%A3o%20dos%20Recursos%202020.pdf\"> pdf <\/a><a href=\"https:\/\/www.rj.gov.br\/transparencia\/sites\/default\/files\/arquivos_paginas\/FACI%20Aplica%C3%A7%C3%A3o%20dos%20Recursos%202020.xls\"> xls <\/a><a href=\"https:\/\/www.rj.gov.br\/transparencia\/sites\/default\/files\/arquivos_paginas\/FACI%20Aplica%C3%A7%C3%A3o%20dos%20Recursos%202020.csv\"> csv <\/a><\/li>\n                <li>2019<a href=\"https:\/\/www.rj.gov.br\/transparencia\/sites\/default\/files\/arquivos_paginas\/FACI%20Aplica%C3%A7%C3%A3o%20dos%20Recursos%202019.pdf\"> pdf <\/a><a href=\"https:\/\/www.rj.gov.br\/transparencia\/sites\/default\/files\/arquivos_paginas\/FACI%20Or%C3%A7amento%202019.xls\"> xls <\/a><a href=\"https:\/\/www.rj.gov.br\/transparencia\/sites\/default\/files\/arquivos_paginas\/FACI%20Aplica%C3%A7%C3%A3o%20dos%20Recursos%202019.csv\"> csv <\/a><\/li>\n            <\/ul>\n        <\/div>\n    <\/div>\n<\/div>\n\n<p><a href=\"https:\/\/cge.rj.gov.br\/coscierj\/\">O Conselho Superior de Controle Interno \u2013 COSCIERJ<\/a>, conforme previsto na Lei Estadual n\u2022 7.989\/2018 e no Decreto n\u00ba 46.436\/2018, \u00e9 o respons\u00e1vel por estabelecer diretrizes, mediante plano estrat\u00e9gico, aprovar o regimento interno, inclusive suas modifica\u00e7\u00f5es, e o plano de aplica\u00e7\u00e3o anual dos recursos do FACI-RJ.<\/p>\n\n<\/div>\n<\/div>","protected":false},"excerpt":{"rendered":"Aplica\u00e7\u00e3o do FACI Fundo de Aprimoramento do Controle Interno &#8211; FACI-RJ Lei Estadual n\u00ba 7.989 de 14 de junho de 2018 &#8211; Disp\u00f5e sobre o Sistema de Controle Interno do [&hellip;]","protected":false},"author":1,"featured_media":0,"parent":1315,"menu_order":0,"comment_status":"closed","ping_status":"closed","template":"","meta":{"footnotes":""},"class_list":["post-885","page","type-page","status-publish","hentry"],"_links":{"self":[{"href":"https:\/\/transparencia.cge.rj.gov.br\/transparencia\/wp-json\/wp\/v2\/pages\/885","targetHints":{"allow":["GET"]}}],"collection":[{"href":"https:\/\/transparencia.cge.rj.gov.br\/transparencia\/wp-json\/wp\/v2\/pages"}],"about":[{"href":"https:\/\/transparencia.cge.rj.gov.br\/transparencia\/wp-json\/wp\/v2\/types\/page"}],"author":[{"embeddable":true,"href":"https:\/\/transparencia.cge.rj.gov.br\/transparencia\/wp-json\/wp\/v2\/users\/1"}],"replies":[{"embeddable":true,"href":"https:\/\/transparencia.cge.rj.gov.br\/transparencia\/wp-json\/wp\/v2\/comments?post=885"}],"version-history":[{"count":79,"href":"https:\/\/transparencia.cge.rj.gov.br\/transparencia\/wp-json\/wp\/v2\/pages\/885\/revisions"}],"predecessor-version":[{"id":2123,"href":"https:\/\/transparencia.cge.rj.gov.br\/transparencia\/wp-json\/wp\/v2\/pages\/885\/revisions\/2123"}],"up":[{"embeddable":true,"href":"https:\/\/transparencia.cge.rj.gov.br\/transparencia\/wp-json\/wp\/v2\/pages\/1315"}],"wp:attachment":[{"href":"https:\/\/transparencia.cge.rj.gov.br\/transparencia\/wp-json\/wp\/v2\/media?parent=885"}],"curies":[{"name":"wp","href":"https:\/\/api.w.org\/{rel}","templated":true}]}}