{"id":938,"date":"2025-07-01T15:48:49","date_gmt":"2025-07-01T18:48:49","guid":{"rendered":"https:\/\/transparencia.cge.rj.gov.br\/?page_id=938"},"modified":"2026-04-08T11:25:14","modified_gmt":"2026-04-08T14:25:14","slug":"ranking_transparencia","status":"publish","type":"page","link":"https:\/\/transparencia.cge.rj.gov.br\/transparencia\/ranking_transparencia\/","title":{"rendered":"Ranking Transpar\u00eancia"},"content":{"rendered":"<div class=\"classificacao-container\">\n<h3 style=\"font-size: 21px; margin-bottom: 20px; text-align: center; color: #052852;\">Ranking de Transpar\u00eancia<\/h3>\n<div class=\"pagpo-row\">\n<div class=\"pagpo-col\"><a class=\"pagpo-card-link\" href=\"https:\/\/radardatransparencia.atricon.org.br\/\" target=\"_blank\" rel=\"noopener\">Programa Nacional de Transpar\u00eancia P\u00fablica \u2013 ATRICON<\/a><\/div>\n<div class=\"pagpo-col\"><a class=\"pagpo-card-link\" href=\"https:\/\/transparenciainternacional.org.br\/itgp\" target=\"_blank\" rel=\"noopener\">Ranking de Transpar\u00eancia Internacional<\/a><\/div>\n<div class=\"pagpo-col\"><a class=\"pagpo-card-link\" href=\"\/ranking-de-transparencia-dos-orgaos-e-entidades\/\"  rel=\"noopener\">Ranking de Transpar\u00eancia dos \u00d3rg\u00e3os e Entidades do Poder Executivo<\/a><\/div>\n<\/div>\n<h3 style=\"font-size: 21px; margin-bottom: 20px; margin-top: 60px; text-align: center; color: #052852;\">Ranking de Transpar\u00eancia dos Estados e Munic\u00edpios \u2013 Escala Brasil Transparente \u2013 Avalia\u00e7\u00e3o 360\u00ba<\/h3>\n<div class=\"pagpo-row\">\n<div class=\"pagpo-col\"><a class=\"pagpo-card-link\" href=\"https:\/\/mbt.cgu.gov.br\/publico\/avaliacao\/escala_brasil_transparente\/66#ranking\" target=\"_blank\" rel=\"noopener\">Ranking da Escala Brasil Transparente<\/a><\/div>\n<div class=\"pagpo-col\"><a class=\"pagpo-card-link\" href=\"https:\/\/mbt.cgu.gov.br\/publico\/avaliacao\/66\/planejamento_geral\/questionario\/unidade\/73\/resposta\/66\" target=\"_blank\" rel=\"noopener\">Question\u00e1rio do Estado do Rio de Janeiro<\/a><\/div>\n<div class=\"pagpo-col\"><a class=\"pagpo-card-link\" href=\"\/transparencia\/wp-content\/themes\/Transparencia_Dev\/arquivos\/Relat%C3%B3rio%20de%20Conformidade%20do%20Estado%20do%20Rio%20de%20Janeiro%202020.pdf\" target=\"_blank\" rel=\"noopener\">Relat\u00f3rio de Conformidade do Estado do Rio de Janeiro<\/a><\/div>\n<\/div>\n<\/div>","protected":false},"excerpt":{"rendered":"Ranking de Transpar\u00eancia Programa Nacional de Transpar\u00eancia P\u00fablica \u2013 ATRICON Ranking de Transpar\u00eancia Internacional Ranking de Transpar\u00eancia dos \u00d3rg\u00e3os e Entidades do Poder Executivo Ranking de Transpar\u00eancia dos Estados e [&hellip;]","protected":false},"author":1,"featured_media":0,"parent":0,"menu_order":0,"comment_status":"closed","ping_status":"closed","template":"","meta":{"footnotes":""},"class_list":["post-938","page","type-page","status-publish","hentry"],"_links":{"self":[{"href":"https:\/\/transparencia.cge.rj.gov.br\/transparencia\/wp-json\/wp\/v2\/pages\/938","targetHints":{"allow":["GET"]}}],"collection":[{"href":"https:\/\/transparencia.cge.rj.gov.br\/transparencia\/wp-json\/wp\/v2\/pages"}],"about":[{"href":"https:\/\/transparencia.cge.rj.gov.br\/transparencia\/wp-json\/wp\/v2\/types\/page"}],"author":[{"embeddable":true,"href":"https:\/\/transparencia.cge.rj.gov.br\/transparencia\/wp-json\/wp\/v2\/users\/1"}],"replies":[{"embeddable":true,"href":"https:\/\/transparencia.cge.rj.gov.br\/transparencia\/wp-json\/wp\/v2\/comments?post=938"}],"version-history":[{"count":31,"href":"https:\/\/transparencia.cge.rj.gov.br\/transparencia\/wp-json\/wp\/v2\/pages\/938\/revisions"}],"predecessor-version":[{"id":3208,"href":"https:\/\/transparencia.cge.rj.gov.br\/transparencia\/wp-json\/wp\/v2\/pages\/938\/revisions\/3208"}],"wp:attachment":[{"href":"https:\/\/transparencia.cge.rj.gov.br\/transparencia\/wp-json\/wp\/v2\/media?parent=938"}],"curies":[{"name":"wp","href":"https:\/\/api.w.org\/{rel}","templated":true}]}}