{"id":980,"date":"2025-07-02T11:23:30","date_gmt":"2025-07-02T14:23:30","guid":{"rendered":"https:\/\/transparencia.cge.rj.gov.br\/?page_id=980"},"modified":"2025-10-21T15:04:04","modified_gmt":"2025-10-21T18:04:04","slug":"despesas-coronavirus","status":"publish","type":"page","link":"https:\/\/transparencia.cge.rj.gov.br\/transparencia\/despesas\/despesas-coronavirus\/","title":{"rendered":"Despesas Coronav\u00edrus"},"content":{"rendered":"\n<div class=\"containerPaginas\">\n<h2 class=\"titulo\">Despesas com o Coronav\u00edrus<\/h2>\n<div class=\"meu-acordeao\">\n<div class=\"acordeao-item\"><button class=\"acordeao-header\">Administra\u00e7\u00e3o Direta<\/button>\n<div class=\"acordeao-content\">\n<ul>\n<li>Secretaria de Estado da Casa Civil pdf xls csv<\/li>\n<li><a href=\"https:\/\/www.rj.gov.br\/planejamento\/despesa-coronavirus\">Secretaria de Estado de Planejamento e Gest\u00e3o \u2013 SEPLAG<\/a><\/li>\n<li><a href=\"https:\/\/www.rj.gov.br\/seiop\/node\/24\">Secretaria de Estado de Infraestrutura e Obras P\u00fablicas &#8211; SEIOP<\/a><\/li>\n<li><a href=\"https:\/\/sepm.rj.gov.br\/2020\/10\/despesas-coronavirus\/\">Secretaria de Estado de Pol\u00edcia Militar \u2013 SEPM<\/a><\/li>\n<li><a href=\"https:\/\/www.policiacivil.rj.gov.br\/despesasCorona\">Secretaria de Estado de Pol\u00edcia Civil \u2013 SEPOL<\/a><\/li>\n<li>Secretaria de Estado de Administra\u00e7\u00e3o Penitenci\u00e1ria \u2013 SEAP <a href=\"\/transparencia\/wp-content\/uploads\/2025\/10\/DespesascomCoronavirus-SEAP.pdf\">pdf <\/a><a href=\"\/transparencia\/wp-content\/uploads\/2025\/10\/DespesascomCoronavirus-SEAP.xlsx\">xls<\/a> <a href=\"\/transparencia\/wp-content\/uploads\/2025\/10\/DespesascomCoronavirus-SEAP.csv\">csv<\/a><\/li>\n<li><a href=\"https:\/\/www.cbmerj.rj.gov.br\/licitacoes\/?tipo=Dispensa%20de%20Licita%C3%A7%C3%A3o&amp;termo=covid\">Secretaria de Estado de Defesa Civil e Corpo de Bombeiros Militar \u2013 SEDEC<\/a><\/li>\n<li><a href=\"https:\/\/www.saude.rj.gov.br\/transparencia\/acesso-a-informacao\/2019\/08\/7-licitacoes-e-contratos\">Secretaria de Estado de Sa\u00fade \u2013 SES<\/a><\/li>\n<li>Secretaria de Estado de Agricultura, Pesca e Abastecimento \u2013 SEAPA *<\/li>\n<li><a href=\"https:\/\/www.rj.gov.br\/secid\/\">Secretaria de Estado das Cidades \u2013 SECID<\/a><\/li>\n<li>Secretaria de Estado de Desenvolvimento Social e Direitos Humanos \u2013 SEDSODH <a href=\"\/transparencia\/wp-content\/uploads\/2025\/10\/Despesas-Coronavirus_SEDSODH.pdf\">pdf <\/a><a href=\"\/transparencia\/wp-content\/uploads\/2025\/10\/Despesas_Coronavirus_SEDSODH.xlsx\">xls <\/a><a href=\"\/transparencia\/wp-content\/uploads\/2025\/10\/Despesas_Coronavirus_SEDSODH.csv\">csv<\/a><\/li>\n<li><a href=\"https:\/\/www.rj.gov.br\/esporte\/licitacoes-e-contratos\">Secretaria de Estado de Esporte e Lazer \u2013 SEEL<\/a><\/li>\n<li>Secretaria de Estado de Turismo \u2013 SETUR <a href=\"\/transparencia\/wp-content\/uploads\/2025\/10\/CORONAVIRUS-1.pdf\">pdf <\/a><a href=\"\/transparencia\/wp-content\/uploads\/2025\/10\/CORONAVIRUS-1.xlsx\">xls <\/a><a href=\"\/transparencia\/wp-content\/uploads\/2025\/10\/CORONAVIRUS.csv\">csv<\/a><\/li>\n<li><a href=\"https:\/\/cge.rj.gov.br\/despesas-com-prevencao-ao-coronavirus-cge\/\">Controladoria Geral do Estado \u2013 CGE<\/a><\/li>\n<\/ul>\n<\/div>\n<\/div>\n<div class=\"acordeao-item\"><button class=\"acordeao-header\">Autarquias<\/button>\n<div class=\"acordeao-content\">\n<ul>\n<li><a href=\"https:\/\/www.rj.gov.br\/agenersa\/receitas-e-despesas\">Ag\u00eancia Reguladora de Energia e Saneamento B\u00e1sico do Estado do Rio de Janeiro \u2013 AGENERSA<\/a><\/li>\n<li><a href=\"https:\/\/www.agetransp.rj.gov.br\/transparencia\/acoes-covid\">Ag\u00eancia Reguladora dos Servi\u00e7os P\u00fablicos Concedidos de Transportes Aquavi\u00e1rios, Ferrovi\u00e1rios e Metrovi\u00e1rios e de Rodovias do Estado do Rio de Janeiro \u2013 AGETRANSP<\/a><\/li>\n<li><a href=\"https:\/\/www.rj.gov.br\/procon\/\">Autarquia de Prote\u00e7\u00e3o e Defesa do Consumidor \u2013 PROCON\/RJ<\/a><\/li>\n<li><a href=\"https:\/\/www.rj.gov.br\/proderj\/DESPESAS_COM%20_O_CORONAV%C3%8DRUS\">Centro de Tecnologia da Informa\u00e7\u00e3o e Comunica\u00e7\u00e3o do Estado do Rio de Janeiro \u2013 PRODERJ<\/a><\/li>\n<li><a href=\"https:\/\/www.detran.rj.gov.br\/transparencia\/institucional\/receitas-e-despesas.html\">Departamento de Tr\u00e2nsito do Estado do Rio de Janeiro \u2013 DETRAN\/RJ<\/a><\/li>\n<li><a href=\"https:\/\/www.rj.gov.br\/degase\/despesas_com_o_coronavirus\">Departamento Geral de A\u00e7\u00f5es Socioeducativas \u2013 DEGASE<\/a><\/li>\n<li>Imprensa Oficial do Estado do Rio de Janeiro \u2013 IOERJ <a href=\"\/transparencia\/wp-content\/uploads\/2025\/10\/despesas-coronavirus-ioerj.pdf\">pdf<\/a> <a href=\"\/transparencia\/wp-content\/uploads\/2025\/10\/despesas-coronavirus-ioerj.xlsx\">xls<\/a> <a href=\"\/transparencia\/wp-content\/uploads\/2025\/10\/despesas-coronavirus-ioerj.csv\">csv<\/a><\/li>\n<li><a href=\"https:\/\/www.rj.gov.br\/isp\/node\/125\">Instituto de Seguran\u00e7a P\u00fablica \u2013 ISP<\/a><\/li>\n<li><a href=\"https:\/\/www.jucerja.rj.gov.br\/Transparencia\/AquisicaoDetalhe\/41\">Junta Comercial do Estado do Rio de Janeiro \u2013 JUCERJA<\/a><\/li>\n<\/ul>\n<\/div>\n<\/div>\n<div class=\"acordeao-item\"><button class=\"acordeao-header\">Funda\u00e7\u00f5es<\/button>\n<div class=\"acordeao-content\">\n<ul>\n<li><a href=\"https:\/\/www.cecierj.edu.br\/sobre\/transparencia\/\">Funda\u00e7\u00e3o Centro de Ci\u00eancias e de Educa\u00e7\u00e3o Superior \u00e0 Dist\u00e2ncia do Estado do Rio de Janeiro \u2013 CECIERJ<\/a><\/li>\n<li><a href=\"https:\/\/www.rj.gov.br\/ceperj\/despesas-covid\">Funda\u00e7\u00e3o Centro Estadual de Estat\u00edsticas, Pesquisa e Forma\u00e7\u00e3o de Servidores P\u00fablicos do Rio de Janeiro \u2013 CEPERJ<\/a><\/li>\n<li><a href=\"https:\/\/www.transparencia.uerj.br\/despesas-lei-13-979-2020\">Funda\u00e7\u00e3o Centro Universit\u00e1rio da Zona Oeste do Rio de Janeiro \u2013 UEZO<\/a><\/li>\n<li><a href=\"https:\/\/www.leaoxiii.rj.gov.br\/transp_covid19.asp\">Funda\u00e7\u00e3o Le\u00e3o XIII<\/a><\/li>\n<li>Funda\u00e7\u00e3o Santa Cabrini \u2013 FSC <a href=\"\/transparencia\/wp-content\/uploads\/2025\/10\/DespesascomoCoronavirus-SantaCabrini.pdf\">pdf <\/a><a href=\"\/transparencia\/wp-content\/uploads\/2025\/10\/DespesascomoCoronavirus-SantaCabrini.xlsx\">xls <\/a><a href=\"\/transparencia\/wp-content\/uploads\/2025\/10\/DespesascomoCoronavirus-SantaCabrini.csv\">csv<\/a><\/li>\n<li><a href=\"https:\/\/www.rj.gov.br\/fundacaosaude\/node\/82\">Funda\u00e7\u00e3o Sa\u00fade do Estado do Rio de Janeiro \u2013 FS<\/a><\/li>\n<li><a href=\"https:\/\/www.transparencia.uerj.br\/receitas-e-despesas\">Funda\u00e7\u00e3o Universidade do Estado do Rio de Janeiro \u2013 UERJ<\/a><\/li>\n<li><a href=\"https:\/\/www.rj.gov.br\/rioprevidencia\/Despesas%20com%20Coronav%C3%ADrus\">Fundo \u00danico de Previd\u00eancia Social do Estado do Rio de Janeiro \u2013 RIOPREVID\u00caNCIA<\/a><\/li>\n<\/ul>\n<\/div>\n<\/div>\n<div class=\"acordeao-item\"><button class=\"acordeao-header\">Empresas P\u00fablicas<\/button>\n<div class=\"acordeao-content\">\n<ul>\n<li><a href=\"https:\/\/www.rj.gov.br\/ceasa\/despesa-covid\">Centrais de Abastecimento do Estado do Rio de Janeiro \u2013 CEASA<\/a><\/li>\n<li><a href=\"https:\/\/www.rj.gov.br\/central\/node\/360\">Companhia Estadual de Engenharia de Transportes e Log\u00edstica \u2013 CENTRAL<\/a><\/li>\n<li><a href=\"https:\/\/www.rj.gov.br\/vitalbrazil\/gastos-coronavirus\">Instituto Vital Brazil \u2013 IVB<\/a><\/li>\n<\/ul>\n<\/div>\n<\/div>\n<div class=\"acordeao-item\"><button class=\"acordeao-header\">Sociedades de Economia Mista<\/button>\n<div class=\"acordeao-content\">\n<ul>\n<li><a href=\"https:\/\/www.rj.gov.br\/coderte\/Despesas_coronavirus\">Companhia de Desenvolvimento Rodovi\u00e1rio e Terminais do Estado do Rio de Janeiro \u2013 CODERTE<\/a><\/li>\n<li>Companhia de Transportes sobre Trilhos do Estado do Rio de Janeiro \u2013 RIOTRILHOS <a href=\"\/transparencia\/wp-content\/uploads\/2025\/10\/Despesas_Coronavirus_Modelo_Planilha-XLSX-4.pdf\">pdf <\/a><a href=\"\/transparencia\/wp-content\/uploads\/2025\/10\/Despesas_Coronavirus_Modelo_Planilha-XLSX.xlsx\">xls<\/a> <a href=\"\/transparencia\/wp-content\/uploads\/2025\/10\/Despesas_Coronavirus_Modelo_Planilha.csv\">csv<\/a><\/li>\n<\/ul>\n<\/div>\n<\/div>\n<\/div>\n<\/div>\n","protected":false},"excerpt":{"rendered":"Despesas com o Coronav\u00edrus Administra\u00e7\u00e3o Direta Secretaria de Estado da Casa Civil pdf xls csv Secretaria de Estado de Planejamento e Gest\u00e3o \u2013 SEPLAG Secretaria de Estado de Infraestrutura e [&hellip;]","protected":false},"author":1,"featured_media":0,"parent":1281,"menu_order":0,"comment_status":"closed","ping_status":"closed","template":"","meta":{"footnotes":""},"class_list":["post-980","page","type-page","status-publish","hentry"],"_links":{"self":[{"href":"https:\/\/transparencia.cge.rj.gov.br\/transparencia\/wp-json\/wp\/v2\/pages\/980","targetHints":{"allow":["GET"]}}],"collection":[{"href":"https:\/\/transparencia.cge.rj.gov.br\/transparencia\/wp-json\/wp\/v2\/pages"}],"about":[{"href":"https:\/\/transparencia.cge.rj.gov.br\/transparencia\/wp-json\/wp\/v2\/types\/page"}],"author":[{"embeddable":true,"href":"https:\/\/transparencia.cge.rj.gov.br\/transparencia\/wp-json\/wp\/v2\/users\/1"}],"replies":[{"embeddable":true,"href":"https:\/\/transparencia.cge.rj.gov.br\/transparencia\/wp-json\/wp\/v2\/comments?post=980"}],"version-history":[{"count":42,"href":"https:\/\/transparencia.cge.rj.gov.br\/transparencia\/wp-json\/wp\/v2\/pages\/980\/revisions"}],"predecessor-version":[{"id":2854,"href":"https:\/\/transparencia.cge.rj.gov.br\/transparencia\/wp-json\/wp\/v2\/pages\/980\/revisions\/2854"}],"up":[{"embeddable":true,"href":"https:\/\/transparencia.cge.rj.gov.br\/transparencia\/wp-json\/wp\/v2\/pages\/1281"}],"wp:attachment":[{"href":"https:\/\/transparencia.cge.rj.gov.br\/transparencia\/wp-json\/wp\/v2\/media?parent=980"}],"curies":[{"name":"wp","href":"https:\/\/api.w.org\/{rel}","templated":true}]}}